{"id":19520,"date":"2025-12-01T17:11:55","date_gmt":"2025-12-01T16:11:55","guid":{"rendered":"https:\/\/new.commanderie7.com\/allgemeine-geschaeftsbedingungen-agb\/"},"modified":"2026-01-08T16:19:21","modified_gmt":"2026-01-08T15:19:21","slug":"allgemeine-geschaeftsbedingungen-agb","status":"publish","type":"page","link":"https:\/\/commanderie7.com\/de\/allgemeine-geschaeftsbedingungen-agb\/","title":{"rendered":"Allgemeine Gesch\u00e4ftsbedingungen (AGB)"},"content":{"rendered":"\n<h2 class=\"wp-block-heading\"><strong>1. Zweck<\/strong><\/h2>\n\n<p>Die vorliegenden Allgemeinen Gesch\u00e4ftsbedingungen gelten f\u00fcr alle Bestellungen, die \u00fcber die Website <strong>commanderie7.com<\/strong> aufgegeben werden.<\/p>\n\n<p>Jede Bestellung setzt die vorbehaltlose Annahme der vorliegenden AGB voraus.<\/p>\n\n<hr class=\"wp-block-separator has-alpha-channel-opacity\"\/>\n\n<h2 class=\"wp-block-heading\"><strong>2. Produkte<\/strong><\/h2>\n\n<p>Die angebotenen Produkte sind <strong>frische Produkte<\/strong>, <strong>Fisch<\/strong>, <strong>Fertiggerichte<\/strong> und andere verderbliche Waren.<\/p>\n\n<p>Die Fotos und Beschreibungen sind nicht vertraglich bindend.<\/p>\n\n<p>Bei Artikeln, die mit variablem Gewicht verkauft <strong>werden, wird<\/strong> der <strong>Endpreis auf der Grundlage des genauen Gewichts<\/strong> zum Zeitpunkt der Zubereitung <strong>neu berechnet<\/strong>.<\/p>\n\n<p>Der im Warenkorb angegebene Betrag hat daher nur <strong>informativen Wert<\/strong>.<\/p>\n\n<hr class=\"wp-block-separator has-alpha-channel-opacity\"\/>\n\n<h2 class=\"wp-block-heading\"><strong>3. Preis (inkl. MwSt. \/ zzgl. MwSt., je nach Art des Kunden)<\/strong><\/h2>\n\n<h3 class=\"wp-block-heading\"><strong>Privatkunden (B2C)<\/strong><\/h3>\n\n<ul class=\"wp-block-list\">\n<li>Die angegebenen Preise verstehen sich immer inklusive <strong>aller<\/strong> Steuern.<\/li>\n<\/ul>\n\n<h3 class=\"wp-block-heading\"><strong>Gesch\u00e4ftskunden (B2B)<\/strong><\/h3>\n\n<ul class=\"wp-block-list\">\n<li>Die angezeigten Preise verstehen sich <strong>zzgl. MwSt.<\/strong>, nachdem der Gesch\u00e4ftskunde <strong>sich<\/strong> in sein B2B-Konto <strong>eingeloggt<\/strong> und dieses best\u00e4tigt hat.<\/li>\n\n\n\n<li>Vor dem Login bleibt die Standardanzeige auf der Website <strong>TVAC<\/strong>.<\/li>\n<\/ul>\n\n<h3 class=\"wp-block-heading\"><strong>Allgemeine Regeln<\/strong><\/h3>\n\n<ul class=\"wp-block-list\">\n<li>Der Endbetrag wird bei der Abholung entsprechend dem <strong>tats\u00e4chlichen Gewicht<\/strong> des Produkts neu berechnet.<\/li>\n\n\n\n<li>Die auf der Website angegebenen Preise k\u00f6nnen jederzeit ge\u00e4ndert werden, gelten jedoch f\u00fcr die laufende Bestellung, sobald diese best\u00e4tigt wurde. Vorbehaltlich eines Irrtums unsererseits   <\/li>\n<\/ul>\n\n<hr class=\"wp-block-separator has-alpha-channel-opacity\"\/>\n\n<h2 class=\"wp-block-heading\"><strong>4. Bestellungen und Best\u00e4tigung<\/strong><\/h2>\n\n<p>Der Kunde w\u00e4hlt ein Zeitfenster f\u00fcr die Abholung und best\u00e4tigt seine Bestellung.<\/p>\n\n<p>Die Bestellung wird erst nach Versand einer zusammenfassenden E-Mail best\u00e4tigt.<\/p>\n\n<p>Commanderie7 kann eine Bestellung stornieren, wenn es sich um einen offensichtlichen Fehler, ein Lagerproblem oder ein nicht konformes Kundenkonto (z.B. B2B nicht validiert) handelt.<\/p>\n\n<hr class=\"wp-block-separator has-alpha-channel-opacity\"\/>\n\n<h2 class=\"wp-block-heading\"><strong>5. Zahlung bei Abholung (keine Online-Zahlung)<\/strong><\/h2>\n\n<p>Commanderie7 <strong>bietet keine Online-Zahlungen<\/strong> an.<\/p>\n\n<h3 class=\"wp-block-heading\"><strong>Privatkunden (B2C)<\/strong><\/h3>\n\n<ul class=\"wp-block-list\">\n<li>Die Zahlung erfolgt <strong>nur am Schalter<\/strong> bei der Abholung.<\/li>\n\n\n\n<li>Der Endbetrag h\u00e4ngt vom tats\u00e4chlichen Gewicht der Produkte ab.<\/li>\n<\/ul>\n\n<h3 class=\"wp-block-heading\"><strong>Gesch\u00e4ftskunden (B2B)<\/strong><\/h3>\n\n<ul class=\"wp-block-list\">\n<li>Zahlung bei Abholung, sofern nicht anders vereinbart.  <\/li>\n\n\n\n<li>Die online angezeigten Preise <strong>enthalten keine Mehrwertsteuer, wenn ein B2B-Konto korrekt angemeldet ist<\/strong>.<\/li>\n\n\n\n<li>Jeder Zahlungsverzug f\u00fchrt von Rechts wegen und ohne vorherige Inverzugsetzung zu einer Erh\u00f6hung von 12% pro Jahr, zuz\u00fcglich einer pauschalen und nicht reduzierbaren Entsch\u00e4digung von 15% mit einem Mindestbetrag von 75,00\u20ac. Zus\u00e4tzlich zu diesen Zinsen kann der Betrag unserer Rechnungen auch um 12,50\u20ac pro versandtem Brief erh\u00f6ht werden. Jede Anfechtung ist nur dann zul\u00e4ssig, wenn sie innerhalb von 8 Werktagen nach Erhalt der strittigen Rechnung per Einschreiben mitgeteilt wird. F\u00fcr Streitigkeiten zwischen den Parteien sind ausschlie\u00dflich die Gerichte von Verviers (Handelsgericht oder Friedensgericht von Verviers, nach Wahl des Kl\u00e4gers) zust\u00e4ndig.     <\/li>\n<\/ul>\n\n<hr class=\"wp-block-separator has-alpha-channel-opacity\"\/>\n\n<h2 class=\"wp-block-heading\"><strong>6. Kein Widerrufsrecht &amp; keine R\u00fcckerstattung<\/strong><\/h2>\n\n<p>Gem\u00e4\u00df Artikel <strong>VI.53 des Wirtschaftsgesetzbuches<\/strong>,<\/p>\n\n<p>Bei verderblichen oder auf Bestellung zubereiteten Lebensmitteln <strong>ist kein Widerrufsrecht und keine R\u00fcckerstattung m\u00f6glich<\/strong>.<\/p>\n\n<p>Eine R\u00fcckerstattung ist <strong>nur m\u00f6glich, wenn Commanderie7 ein Fehler nachgewiesen<\/strong> werden kann (z.B. fehlendes Produkt).<\/p>\n\n<p>Alle Anspr\u00fcche m\u00fcssen <strong>am Tag der Abholung<\/strong> geltend gemacht werden.<\/p>\n\n<hr class=\"wp-block-separator has-alpha-channel-opacity\"\/>\n\n<h2 class=\"wp-block-heading\"><strong>7. Verantwortlichkeiten<\/strong><\/h2>\n\n<p>Commanderie7 ist nicht verantwortlich:<\/p>\n\n<ul class=\"wp-block-list\">\n<li>schlechte Konservierung nach der Entfernung,<\/li>\n\n\n\n<li>Gewichtsschwankungen, die mit frischen Produkten einhergehen,<\/li>\n\n\n\n<li>Verz\u00f6gerungen bei der R\u00fccknahme durch den Kunden,<\/li>\n\n\n\n<li>Probleme, die auf eine falsche Nutzung des Kontos zur\u00fcckzuf\u00fchren sind (z.B.: B2B nicht eingeloggt = TVAC-Anzeige).<\/li>\n\n\n\n<li>Bestellungen, die nicht am selben Tag abgeholt <strong>werden, k\u00f6nnen nicht zur\u00fcckerstattet werden<\/strong>, da die Produkte frisch und speziell zubereitet sind.  <\/li>\n<\/ul>\n\n<hr class=\"wp-block-separator has-alpha-channel-opacity\"\/>\n\n<h2 class=\"wp-block-heading\"><strong>9. Pers\u00f6nliche Daten (DSGVO)<\/strong><\/h2>\n\n<p>Die Daten werden nur f\u00fcr die Abwicklung der Bestellungen verwendet und nicht weiterverkauft.<\/p>\n\n<p>Der Kunde kann die \u00c4nderung oder L\u00f6schung seiner Daten \u00fcber das Kontaktformular beantragen.<\/p>\n\n<hr class=\"wp-block-separator has-alpha-channel-opacity\"\/>\n\n<h2 class=\"wp-block-heading\"><strong>10. Anwendbares Recht<\/strong><\/h2>\n\n<p>Die vorliegenden AGB unterliegen dem belgischen Recht.<\/p>\n\n<p>Alle Streitigkeiten werden nach der Suche nach einer g\u00fctlichen L\u00f6sung den zust\u00e4ndigen Gerichten vorgelegt.<\/p>\n\n<hr class=\"wp-block-separator has-alpha-channel-opacity\"\/>\n\n<p><\/p>\n","protected":false},"excerpt":{"rendered":"<p>1. Zweck Die vorliegenden Allgemeinen Gesch\u00e4ftsbedingungen gelten f\u00fcr alle Bestellungen, die \u00fcber die Website commanderie7.com aufgegeben werden. Jede Bestellung setzt die vorbehaltlose Annahme der vorliegenden AGB voraus. 2. Produkte Die angebotenen Produkte sind frische Produkte, Fisch, Fertiggerichte und andere verderbliche Waren. Die Fotos und Beschreibungen sind nicht vertraglich bindend. Bei Artikeln, die mit variablem Gewicht [&hellip;]<\/p>\n","protected":false},"author":1,"featured_media":0,"parent":0,"menu_order":0,"comment_status":"closed","ping_status":"closed","template":"","meta":{"_et_pb_use_builder":"","_et_pb_old_content":"","_et_gb_content_width":"","footnotes":""},"class_list":["post-19520","page","type-page","status-publish","hentry"],"yoast_head":"<!-- This site is optimized with the Yoast SEO plugin v26.9 - https:\/\/yoast.com\/product\/yoast-seo-wordpress\/ -->\n<title>Allgemeine Gesch\u00e4ftsbedingungen (AGB) - Commanderie 7<\/title>\n<meta name=\"robots\" content=\"noindex, follow\" \/>\n<meta property=\"og:locale\" content=\"de_DE\" \/>\n<meta property=\"og:type\" content=\"article\" \/>\n<meta property=\"og:title\" content=\"Allgemeine Gesch\u00e4ftsbedingungen (AGB) - Commanderie 7\" \/>\n<meta property=\"og:description\" content=\"1. Zweck Die vorliegenden Allgemeinen Gesch\u00e4ftsbedingungen gelten f\u00fcr alle Bestellungen, die \u00fcber die Website commanderie7.com aufgegeben werden. Jede Bestellung setzt die vorbehaltlose Annahme der vorliegenden AGB voraus. 2. Produkte Die angebotenen Produkte sind frische Produkte, Fisch, Fertiggerichte und andere verderbliche Waren. Die Fotos und Beschreibungen sind nicht vertraglich bindend. Bei Artikeln, die mit variablem Gewicht [&hellip;]\" \/>\n<meta property=\"og:url\" content=\"https:\/\/commanderie7.com\/de\/allgemeine-geschaeftsbedingungen-agb\/\" \/>\n<meta property=\"og:site_name\" content=\"Commanderie 7\" \/>\n<meta property=\"article:publisher\" content=\"https:\/\/www.facebook.com\/commanderie7\" \/>\n<meta property=\"article:modified_time\" content=\"2026-01-08T15:19:21+00:00\" \/>\n<meta name=\"twitter:card\" content=\"summary_large_image\" \/>\n<meta name=\"twitter:label1\" content=\"Gesch\u00e4tzte Lesezeit\" \/>\n\t<meta name=\"twitter:data1\" content=\"3\u00a0Minute\" \/>\n<script type=\"application\/ld+json\" class=\"yoast-schema-graph\">{\"@context\":\"https:\/\/schema.org\",\"@graph\":[{\"@type\":\"WebPage\",\"@id\":\"https:\/\/commanderie7.com\/de\/allgemeine-geschaeftsbedingungen-agb\/\",\"url\":\"https:\/\/commanderie7.com\/de\/allgemeine-geschaeftsbedingungen-agb\/\",\"name\":\"Allgemeine Gesch\u00e4ftsbedingungen (AGB) - Commanderie 7\",\"isPartOf\":{\"@id\":\"https:\/\/commanderie7.com\/de\/#website\"},\"datePublished\":\"2025-12-01T16:11:55+00:00\",\"dateModified\":\"2026-01-08T15:19:21+00:00\",\"breadcrumb\":{\"@id\":\"https:\/\/commanderie7.com\/de\/allgemeine-geschaeftsbedingungen-agb\/#breadcrumb\"},\"inLanguage\":\"de\",\"potentialAction\":[{\"@type\":\"ReadAction\",\"target\":[\"https:\/\/commanderie7.com\/de\/allgemeine-geschaeftsbedingungen-agb\/\"]}]},{\"@type\":\"BreadcrumbList\",\"@id\":\"https:\/\/commanderie7.com\/de\/allgemeine-geschaeftsbedingungen-agb\/#breadcrumb\",\"itemListElement\":[{\"@type\":\"ListItem\",\"position\":1,\"name\":\"Accueil\",\"item\":\"https:\/\/commanderie7.com\/de\/willkommen\/\"},{\"@type\":\"ListItem\",\"position\":2,\"name\":\"Allgemeine Gesch\u00e4ftsbedingungen (AGB)\"}]},{\"@type\":\"WebSite\",\"@id\":\"https:\/\/commanderie7.com\/de\/#website\",\"url\":\"https:\/\/commanderie7.com\/de\/\",\"name\":\"Commanderie 7\",\"description\":\"Pisciculture - Brasserie - Truite\",\"potentialAction\":[{\"@type\":\"SearchAction\",\"target\":{\"@type\":\"EntryPoint\",\"urlTemplate\":\"https:\/\/commanderie7.com\/de\/?s={search_term_string}\"},\"query-input\":{\"@type\":\"PropertyValueSpecification\",\"valueRequired\":true,\"valueName\":\"search_term_string\"}}],\"inLanguage\":\"de\"}]}<\/script>\n<!-- \/ Yoast SEO plugin. -->","yoast_head_json":{"title":"Allgemeine Gesch\u00e4ftsbedingungen (AGB) - Commanderie 7","robots":{"index":"noindex","follow":"follow"},"og_locale":"de_DE","og_type":"article","og_title":"Allgemeine Gesch\u00e4ftsbedingungen (AGB) - Commanderie 7","og_description":"1. Zweck Die vorliegenden Allgemeinen Gesch\u00e4ftsbedingungen gelten f\u00fcr alle Bestellungen, die \u00fcber die Website commanderie7.com aufgegeben werden. Jede Bestellung setzt die vorbehaltlose Annahme der vorliegenden AGB voraus. 2. Produkte Die angebotenen Produkte sind frische Produkte, Fisch, Fertiggerichte und andere verderbliche Waren. Die Fotos und Beschreibungen sind nicht vertraglich bindend. Bei Artikeln, die mit variablem Gewicht [&hellip;]","og_url":"https:\/\/commanderie7.com\/de\/allgemeine-geschaeftsbedingungen-agb\/","og_site_name":"Commanderie 7","article_publisher":"https:\/\/www.facebook.com\/commanderie7","article_modified_time":"2026-01-08T15:19:21+00:00","twitter_card":"summary_large_image","twitter_misc":{"Gesch\u00e4tzte Lesezeit":"3\u00a0Minute"},"schema":{"@context":"https:\/\/schema.org","@graph":[{"@type":"WebPage","@id":"https:\/\/commanderie7.com\/de\/allgemeine-geschaeftsbedingungen-agb\/","url":"https:\/\/commanderie7.com\/de\/allgemeine-geschaeftsbedingungen-agb\/","name":"Allgemeine Gesch\u00e4ftsbedingungen (AGB) - Commanderie 7","isPartOf":{"@id":"https:\/\/commanderie7.com\/de\/#website"},"datePublished":"2025-12-01T16:11:55+00:00","dateModified":"2026-01-08T15:19:21+00:00","breadcrumb":{"@id":"https:\/\/commanderie7.com\/de\/allgemeine-geschaeftsbedingungen-agb\/#breadcrumb"},"inLanguage":"de","potentialAction":[{"@type":"ReadAction","target":["https:\/\/commanderie7.com\/de\/allgemeine-geschaeftsbedingungen-agb\/"]}]},{"@type":"BreadcrumbList","@id":"https:\/\/commanderie7.com\/de\/allgemeine-geschaeftsbedingungen-agb\/#breadcrumb","itemListElement":[{"@type":"ListItem","position":1,"name":"Accueil","item":"https:\/\/commanderie7.com\/de\/willkommen\/"},{"@type":"ListItem","position":2,"name":"Allgemeine Gesch\u00e4ftsbedingungen (AGB)"}]},{"@type":"WebSite","@id":"https:\/\/commanderie7.com\/de\/#website","url":"https:\/\/commanderie7.com\/de\/","name":"Commanderie 7","description":"Pisciculture - Brasserie - Truite","potentialAction":[{"@type":"SearchAction","target":{"@type":"EntryPoint","urlTemplate":"https:\/\/commanderie7.com\/de\/?s={search_term_string}"},"query-input":{"@type":"PropertyValueSpecification","valueRequired":true,"valueName":"search_term_string"}}],"inLanguage":"de"}]}},"_links":{"self":[{"href":"https:\/\/commanderie7.com\/de\/wp-json\/wp\/v2\/pages\/19520","targetHints":{"allow":["GET"]}}],"collection":[{"href":"https:\/\/commanderie7.com\/de\/wp-json\/wp\/v2\/pages"}],"about":[{"href":"https:\/\/commanderie7.com\/de\/wp-json\/wp\/v2\/types\/page"}],"author":[{"embeddable":true,"href":"https:\/\/commanderie7.com\/de\/wp-json\/wp\/v2\/users\/1"}],"replies":[{"embeddable":true,"href":"https:\/\/commanderie7.com\/de\/wp-json\/wp\/v2\/comments?post=19520"}],"version-history":[{"count":1,"href":"https:\/\/commanderie7.com\/de\/wp-json\/wp\/v2\/pages\/19520\/revisions"}],"predecessor-version":[{"id":19522,"href":"https:\/\/commanderie7.com\/de\/wp-json\/wp\/v2\/pages\/19520\/revisions\/19522"}],"wp:attachment":[{"href":"https:\/\/commanderie7.com\/de\/wp-json\/wp\/v2\/media?parent=19520"}],"curies":[{"name":"wp","href":"https:\/\/api.w.org\/{rel}","templated":true}]}}