{"id":19536,"date":"2025-12-10T21:10:46","date_gmt":"2025-12-10T20:10:46","guid":{"rendered":"https:\/\/new.commanderie7.com\/datenschutzerklaerung-datenschutz-dsgvo\/"},"modified":"2026-01-08T16:19:01","modified_gmt":"2026-01-08T15:19:01","slug":"datenschutzerklaerung-datenschutz-dsgvo","status":"publish","type":"page","link":"https:\/\/commanderie7.com\/de\/datenschutzerklaerung-datenschutz-dsgvo\/","title":{"rendered":"Datenschutzerkl\u00e4rung &amp; Datenschutz (DSGVO)"},"content":{"rendered":"<p>[et_pb_section fb_built=&#8220;1&#8243; theme_builder_area=&#8220;post_content&#8220; _builder_version=&#8220;4.27.5&#8243; _module_preset=&#8220;default&#8220;][et_pb_row _builder_version=&#8220;4.27.5&#8243; _module_preset=&#8220;default&#8220; theme_builder_area=&#8220;post_content&#8220;][et_pb_column _builder_version=&#8220;4.27.5&#8243; _module_preset=&#8220;default&#8220; type=&#8220;4_4&#8243; theme_builder_area=&#8220;post_content&#8220;][et_pb_text _builder_version=&#8220;4.27.5&#8243; _module_preset=&#8220;default&#8220; theme_builder_area=&#8220;post_content&#8220; hover_enabled=&#8220;0&#8243; sticky_enabled=&#8220;0&#8243;]<\/p>\n<h1><b>Datenschutzerkl\u00e4rung &amp; Datenschutz (DSGVO)<\/b><\/h1>\n<p class=\"p2\">\n<p class=\"p3\"><b>Commanderie 7 &#8211; Fischzucht, Shop, F\u00fchrungen &amp; Restaurant<\/b><b><\/b><\/p>\n<p class=\"p2\">\n<p class=\"p4\">Die vorliegende Politik beschreibt, wie <span class=\"s2\"><b>SRL Immo Baltus<\/b><\/span> die pers\u00f6nlichen Daten der Nutzer der Commanderie7.com Website in \u00dcbereinstimmung mit der DSGVO und der belgischen Gesetzgebung sammelt, verwendet und sch\u00fctzt.<\/p>\n<hr>\n<h2><b>1. Verantwortlich f\u00fcr die Verarbeitung<\/b><\/h2>\n<p class=\"p2\">\n<p class=\"p3\"><b>SRL Immo Baltus<\/b><b><\/b><\/p>\n<p class=\"p4\">Stra\u00dfe Saint Antoine 11<\/p>\n<p class=\"p4\">4880 Aubel &#8211; Belgien<\/p>\n<p class=\"p4\">TVA: BE0466.378.473<\/p>\n<p class=\"p4\">RPM: Verviers<\/p>\n<p class=\"p2\">\n<p class=\"p3\"><b>Betriebssitz :<\/b><b><\/b><\/p>\n<p class=\"p4\">Rue Commanderie 7<\/p>\n<p class=\"p4\">3792 Fouron-Saint-Pierre &#8211; Belgien<\/p>\n<p class=\"p2\">\n<p class=\"p3\"><b>Kontakt :<\/b><b><\/b><\/p>\n<p class=\"p4\">\u2709\ufe0f info@commanderie7.com<\/p>\n<hr>\n<h2><b>2. Erfasste pers\u00f6nliche Daten<\/b><\/h2>\n<p class=\"p2\">\n<p class=\"p4\">Wir sammeln nur die Daten, die wir ben\u00f6tigen, um unsere Dienstleistungen zu erbringen:<\/p>\n<p class=\"p2\">\n<h3><b>2.1 Bei einer Bestellung von Produkten<\/b><\/h3>\n<ul>\n<li>\n<p class=\"p1\">Name und Vorname<\/p>\n<\/li>\n<li>\n<p class=\"p1\">E-Mail-Adresse<\/p>\n<\/li>\n<li>\n<p class=\"p1\">Postanschrift<\/p>\n<\/li>\n<li>\n<p class=\"p1\">Telefon<\/p>\n<\/li>\n<li>\n<p class=\"p1\">Informationen \u00fcber Bestellung, Abholung und Rechnungsstellung<\/p>\n<\/li>\n<\/ul>\n<p class=\"p2\">\n<h3><b>2.2 Bei einer Reservierung (Restaurant, F\u00fchrung, Weinprobe)<\/b><\/h3>\n<ul>\n<li>\n<p class=\"p1\">Name und Vorname<\/p>\n<\/li>\n<li>\n<p class=\"p1\">E-Mail-Adresse<\/p>\n<\/li>\n<li>\n<p class=\"p1\">Telefon<\/p>\n<\/li>\n<li>\n<p class=\"p1\">Informationen zur Buchung (Datum, Uhrzeit, Anzahl der Personen)<\/p>\n<\/li>\n<\/ul>\n<p class=\"p2\">\n<h3><b>2.3 Bei der Anmeldung f\u00fcr den Newsletter<\/b><\/h3>\n<ul>\n<li>\n<p class=\"p1\">E-Mail-Adresse<\/p>\n<p class=\"p1\">\u27a1\ufe0f Anmeldung <span class=\"s1\"><b>nur in Opt-in<\/b><\/span>Nur mit ausdr\u00fccklicher Zustimmung.<\/p>\n<\/li>\n<\/ul>\n<p class=\"p2\">\n<h3><b>2.4 \u00dcber die Kontaktformulare<\/b><\/h3>\n<ul>\n<li>\n<p class=\"p1\">Name<\/p>\n<\/li>\n<li>\n<p class=\"p1\">E-Mail-Adresse<\/p>\n<\/li>\n<li>\n<p class=\"p1\">Jede Information, die absichtlich in der Nachricht \u00fcbermittelt wird<\/p>\n<\/li>\n<\/ul>\n<p class=\"p2\">\n<h3><b>2.5 Cookies und Statistiken<\/b><\/h3>\n<ul>\n<li>\n<p class=\"p1\">Anonymisierte Publikumsdaten \u00fcber <span class=\"s1\"><b>Google Analytics<\/b><\/span>Wenn die Zustimmung erteilt wurde.<\/p>\n<\/li>\n<\/ul>\n<hr>\n<h2><b>3. Zweck der Verarbeitung<\/b><\/h2>\n<p class=\"p2\">\n<p class=\"p4\">Die Daten werden verwendet, um :<\/p>\n<ul>\n<li>\n<p class=\"p1\">Verwaltung und Vorbereitung von Bestellungen<\/p>\n<\/li>\n<li>\n<p class=\"p1\">Best\u00e4tigungen und Mitteilungen in Bezug auf Buchungen sicherstellen<\/p>\n<\/li>\n<li>\n<p class=\"p1\">Rechnungsstellung, nur wenn n\u00f6tig<\/p>\n<\/li>\n<li>\n<p class=\"p1\">Beantwortung von Informationsanfragen \u00fcber das Formular<\/p>\n<\/li>\n<li>\n<p class=\"p1\">Senden Sie den <span class=\"s1\"><b>Newsletter<\/b><\/span>Nur wenn Sie Ihre Zustimmung gegeben haben<\/p>\n<\/li>\n<li>\n<p class=\"p1\">Verbesserung der Website und Analyse der Besucherstatistiken<\/p>\n<\/li>\n<li>\n<p class=\"p1\">Gew\u00e4hrleistung der Sicherheit und des ordnungsgem\u00e4\u00dfen Betriebs der Website<\/p>\n<\/li>\n<\/ul>\n<p class=\"p2\">\n<p class=\"p4\">\u27a1\ufe0f <span class=\"s2\"><b>Es werden keine Daten weiterverkauft<\/b><\/span>Es werden keine Daten an Dritte zu kommerziellen Zwecken weitergegeben, gehandelt oder ausgetauscht.<\/p>\n<hr>\n<h2><b>4. Rechtsgrundlage der Verarbeitung<\/b><\/h2>\n<ul>\n<li>\n<p class=\"p1\"><span class=\"s1\"><b>Ausf\u00fchrung eines Vertrags<\/b><\/span> (Bestellung, Buchung)<\/p>\n<\/li>\n<li>\n<p class=\"p1\"><span class=\"s1\"><b>Zustimmung<\/b><\/span> (Newsletter, nicht-essentielle Cookies)<\/p>\n<\/li>\n<li>\n<p class=\"p1\"><span class=\"s1\"><b>Rechtm\u00e4\u00dfiges Interesse<\/b><\/span> (Analyse der Besucherzahlen, Betrieb der Website)<\/p>\n<\/li>\n<li>\n<p class=\"p1\"><b>Gesetzliche Verpflichtung<\/b><span class=\"s1\"> (Rechnungsstellung)<\/span><\/p>\n<\/li>\n<\/ul>\n<hr>\n<h2><b>5. Aufbewahrung der Daten<\/b><\/h2>\n<ul>\n<li>\n<p class=\"p1\">Auftragsdaten: gesetzlich vorgeschriebene Buchf\u00fchrungsdauer (7 Jahre in Belgien)<\/p>\n<\/li>\n<li>\n<p class=\"p1\">Buchungsdaten: Dauer, die f\u00fcr die \u00dcberwachung des Dienstes erforderlich ist<\/p>\n<\/li>\n<li>\n<p class=\"p1\">Newsletterdaten: bis zum Widerruf der Zustimmung<\/p>\n<\/li>\n<li>\n<p class=\"p1\">Technische Daten (Cookies): nach der im Browser oder im Zustimmungs-Tool festgelegten Dauer<\/p>\n<\/li>\n<\/ul>\n<hr>\n<h2><b>6. Ihre Rechte<\/b><\/h2>\n<p class=\"p2\">\n<p class=\"p4\">Sie haben die folgenden Rechte:<\/p>\n<ul>\n<li>\n<p class=\"p1\">Recht auf Zugang<\/p>\n<\/li>\n<li>\n<p class=\"p1\">Recht auf Berichtigung<\/p>\n<\/li>\n<li>\n<p class=\"p1\">Recht auf L\u00f6schung<\/p>\n<\/li>\n<li>\n<p class=\"p1\">Recht auf Einschr\u00e4nkung der Verarbeitung<\/p>\n<\/li>\n<li>\n<p class=\"p1\">Recht auf Widerspruch<\/p>\n<\/li>\n<li>\n<p class=\"p1\">Recht auf \u00dcbertragbarkeit<\/p>\n<\/li>\n<li>\n<p class=\"p1\">Recht auf Widerruf Ihrer Zustimmung (Newsletter, Cookies)<\/p>\n<\/li>\n<\/ul>\n<p class=\"p2\">\n<p class=\"p4\">Um diese Rechte auszu\u00fcben :<\/p>\n<p class=\"p3\"><span class=\"s3\">\ud83d\udce9 <\/span><b>info@commanderie7.com<\/b><b><\/b><\/p>\n<p class=\"p2\">\n<p class=\"p4\">Sie werden innerhalb von 30 Tagen eine Antwort erhalten.<\/p>\n<hr>\n<h1><b>Cookie-Richtlinie<\/b><\/h1>\n<p class=\"p2\">\n<h2><b>1. Art der verwendeten Cookies<\/b><\/h2>\n<p class=\"p2\">\n<h3><b>1.1 Wesentliche Cookies (f\u00fcr das Funktionieren der Website erforderlich)<\/b><\/h3>\n<p class=\"p2\">\n<p class=\"p4\">Verwendet f\u00fcr :<\/p>\n<ul>\n<li>\n<p class=\"p1\">Verwaltung des Warenkorbs<\/p>\n<\/li>\n<li>\n<p class=\"p1\">Sicherheit der Website<\/p>\n<\/li>\n<li>\n<p class=\"p1\">Speichern von Pr\u00e4ferenzen<\/p>\n<\/li>\n<li>\n<p class=\"p1\">Funktionsweise des Buchungssystems<\/p>\n<\/li>\n<\/ul>\n<p class=\"p2\">\n<p class=\"p4\">\u27a1\ufe0f Diese Cookies erfordern keine Zustimmung.<\/p>\n<hr>\n<h3><b>1.2 Statistische Cookies (Google Analytics)<\/b><\/h3>\n<p class=\"p2\">\n<p class=\"p4\">Wir verwenden Google Analytics, um die Nutzung der Website zu messen.<\/p>\n<p class=\"p2\">\n<p class=\"p4\">Gesammelte Daten :<\/p>\n<ul>\n<li>\n<p class=\"p1\">Aufgerufene Seiten<\/p>\n<\/li>\n<li>\n<p class=\"p1\">Auf der Website verbrachte Zeit<\/p>\n<\/li>\n<li>\n<p class=\"p1\">Ungef\u00e4hres geographisches Gebiet<\/p>\n<\/li>\n<li>\n<p class=\"p1\">Typ des verwendeten Ger\u00e4ts<\/p>\n<\/li>\n<\/ul>\n<p class=\"p2\">\n<p class=\"p3\"><span class=\"s3\">Diese Daten werden <\/span><b>anonymisiert<\/b><span class=\"s3\"> und <\/span><b>k\u00f6nnen Sie nicht identifiziert werden.<\/b><span class=\"s3\">.<\/span><\/p>\n<p class=\"p2\">\n<p class=\"p3\"><span class=\"s3\">\u27a1\ufe0f Dieses Cookie wird erst aktiviert, wenn Sie das Cookie in Ihrem Browser aktiviert haben. <\/span><b>nur nach Ihrer Zustimmung \u00fcber den Cookie-Banner.<\/b><span class=\"s3\">.<\/span><\/p>\n<hr>\n<h3><b>1.3 Cookies f\u00fcr Personalisierung oder Marketing<\/b><\/h3>\n<p class=\"p2\">\n<p class=\"p4\">Derzeit verwenden wir keine Werbe-Cookies von Dritten.<\/p>\n<hr>\n<h2><b>2. Verwaltung von Cookies<\/b><\/h2>\n<p class=\"p2\">\n<p class=\"p4\">Sie k\u00f6nnen jederzeit :<\/p>\n<ul>\n<li>\n<p class=\"p1\">Nicht-essentielle Cookies \u00fcber den Zustimmungsstreifen akzeptieren oder ablehnen<\/p>\n<\/li>\n<li>\n<p class=\"p1\">Ihre Zustimmung widerrufen<\/p>\n<\/li>\n<li>\n<p class=\"p1\">Deaktivieren von Cookies \u00fcber die Einstellungen Ihres Browsers<\/p>\n<\/li>\n<\/ul>\n<hr>\n<h1><b>7. Datensicherheit<\/b><\/h1>\n<p class=\"p2\">\n<p class=\"p4\">Wir setzen organisatorische und technische Ma\u00dfnahmen ein, um die \u00fcbermittelten und gespeicherten Daten zu sch\u00fctzen gegen :<\/p>\n<ul>\n<li>\n<p class=\"p1\">Der Verlust<\/p>\n<\/li>\n<li>\n<p class=\"p1\">Unberechtigter Zugang<\/p>\n<\/li>\n<li>\n<p class=\"p1\">Die Ver\u00e4nderung<\/p>\n<\/li>\n<li>\n<p class=\"p1\">Offenlegung<\/p>\n<\/li>\n<\/ul>\n<hr>\n<h1><b>8. Kontakt<\/b><\/h1>\n<p class=\"p2\">\n<p class=\"p4\">Bei Fragen zu dieser Richtlinie oder zur Verwaltung Ihrer Daten :<\/p>\n<p class=\"p3\"><span class=\"s3\">\ud83d\udce9 <\/span><b>info@commanderie7.com<\/b><\/p>\n<p>[\/et_pb_text][\/et_pb_column][\/et_pb_row][\/et_pb_section]<\/p>\n","protected":false},"excerpt":{"rendered":"<p>Datenschutzerkl\u00e4rung &amp; Datenschutz (DSGVO) Commanderie 7 &#8211; Fischzucht, Shop, F\u00fchrungen &amp; Restaurant Die vorliegende Politik beschreibt, wie SRL Immo Baltus die pers\u00f6nlichen Daten der Nutzer der Commanderie7.com Website in \u00dcbereinstimmung mit der DSGVO und der belgischen Gesetzgebung sammelt, verwendet und sch\u00fctzt. 1. Verantwortlich f\u00fcr die Verarbeitung SRL Immo Baltus Stra\u00dfe Saint Antoine 11 4880 Aubel &#8211; Belgien TVA: BE0466.378.473 RPM: Verviers Betriebssitz : Rue Commanderie 7 3792 Fouron-Saint-Pierre &#8211; Belgien Kontakt : \u2709\ufe0f info@commanderie7.com 2. Erfasste pers\u00f6nliche Daten Wir sammeln nur die Daten, die wir ben\u00f6tigen, um unsere Dienstleistungen zu erbringen: 2.1 Bei einer Bestellung von Produkten Name und Vorname E-Mail-Adresse Postanschrift Telefon Informationen \u00fcber Bestellung, Abholung und Rechnungsstellung 2.2 Bei einer Reservierung (Restaurant, F\u00fchrung, Weinprobe) Name und Vorname E-Mail-Adresse Telefon Informationen zur Buchung (Datum, Uhrzeit, Anzahl der Personen) 2.3 Bei der Anmeldung f\u00fcr den Newsletter E-Mail-Adresse \u27a1\ufe0f Anmeldung nur in Opt-inNur mit ausdr\u00fccklicher Zustimmung. 2.4 \u00dcber die Kontaktformulare Name E-Mail-Adresse Jede Information, die absichtlich in der Nachricht \u00fcbermittelt wird 2.5 Cookies und Statistiken Anonymisierte Publikumsdaten \u00fcber Google AnalyticsWenn die Zustimmung erteilt wurde. 3. Zweck der Verarbeitung Die Daten werden verwendet, um : Verwaltung und Vorbereitung von Bestellungen Best\u00e4tigungen und Mitteilungen in Bezug auf Buchungen sicherstellen Rechnungsstellung, nur wenn n\u00f6tig [&hellip;]<\/p>\n","protected":false},"author":1,"featured_media":0,"parent":0,"menu_order":0,"comment_status":"closed","ping_status":"closed","template":"","meta":{"_et_pb_use_builder":"on","_et_pb_old_content":"","_et_gb_content_width":"","footnotes":""},"class_list":["post-19536","page","type-page","status-publish","hentry"],"yoast_head":"<!-- This site is optimized with the Yoast SEO plugin v26.9 - https:\/\/yoast.com\/product\/yoast-seo-wordpress\/ -->\n<title>Datenschutzerkl\u00e4rung &amp; Datenschutz (DSGVO) - Commanderie 7<\/title>\n<meta name=\"robots\" content=\"index, follow, max-snippet:-1, max-image-preview:large, max-video-preview:-1\" \/>\n<link rel=\"canonical\" href=\"https:\/\/commanderie7.com\/de\/datenschutzerklaerung-datenschutz-dsgvo\/\" \/>\n<meta property=\"og:locale\" content=\"de_DE\" \/>\n<meta property=\"og:type\" content=\"article\" \/>\n<meta property=\"og:title\" content=\"Datenschutzerkl\u00e4rung &amp; Datenschutz (DSGVO) - Commanderie 7\" \/>\n<meta property=\"og:description\" content=\"Datenschutzerkl\u00e4rung &amp; Datenschutz (DSGVO) Commanderie 7 - Fischzucht, Shop, F\u00fchrungen &amp; Restaurant Die vorliegende Politik beschreibt, wie SRL Immo Baltus die pers\u00f6nlichen Daten der Nutzer der Commanderie7.com Website in \u00dcbereinstimmung mit der DSGVO und der belgischen Gesetzgebung sammelt, verwendet und sch\u00fctzt. 1. Verantwortlich f\u00fcr die Verarbeitung SRL Immo Baltus Stra\u00dfe Saint Antoine 11 4880 Aubel - Belgien TVA: BE0466.378.473 RPM: Verviers Betriebssitz : Rue Commanderie 7 3792 Fouron-Saint-Pierre - Belgien Kontakt : \u2709\ufe0f info@commanderie7.com 2. Erfasste pers\u00f6nliche Daten Wir sammeln nur die Daten, die wir ben\u00f6tigen, um unsere Dienstleistungen zu erbringen: 2.1 Bei einer Bestellung von Produkten Name und Vorname E-Mail-Adresse Postanschrift Telefon Informationen \u00fcber Bestellung, Abholung und Rechnungsstellung 2.2 Bei einer Reservierung (Restaurant, F\u00fchrung, Weinprobe) Name und Vorname E-Mail-Adresse Telefon Informationen zur Buchung (Datum, Uhrzeit, Anzahl der Personen) 2.3 Bei der Anmeldung f\u00fcr den Newsletter E-Mail-Adresse \u27a1\ufe0f Anmeldung nur in Opt-inNur mit ausdr\u00fccklicher Zustimmung. 2.4 \u00dcber die Kontaktformulare Name E-Mail-Adresse Jede Information, die absichtlich in der Nachricht \u00fcbermittelt wird 2.5 Cookies und Statistiken Anonymisierte Publikumsdaten \u00fcber Google AnalyticsWenn die Zustimmung erteilt wurde. 3. Zweck der Verarbeitung Die Daten werden verwendet, um : Verwaltung und Vorbereitung von Bestellungen Best\u00e4tigungen und Mitteilungen in Bezug auf Buchungen sicherstellen Rechnungsstellung, nur wenn n\u00f6tig [&hellip;]\" \/>\n<meta property=\"og:url\" content=\"https:\/\/commanderie7.com\/de\/datenschutzerklaerung-datenschutz-dsgvo\/\" \/>\n<meta property=\"og:site_name\" content=\"Commanderie 7\" \/>\n<meta property=\"article:publisher\" content=\"https:\/\/www.facebook.com\/commanderie7\" \/>\n<meta property=\"article:modified_time\" content=\"2026-01-08T15:19:01+00:00\" \/>\n<meta name=\"twitter:card\" content=\"summary_large_image\" \/>\n<meta name=\"twitter:label1\" content=\"Gesch\u00e4tzte Lesezeit\" \/>\n\t<meta name=\"twitter:data1\" content=\"3\u00a0Minute\" \/>\n<script type=\"application\/ld+json\" class=\"yoast-schema-graph\">{\"@context\":\"https:\/\/schema.org\",\"@graph\":[{\"@type\":\"WebPage\",\"@id\":\"https:\/\/commanderie7.com\/de\/datenschutzerklaerung-datenschutz-dsgvo\/\",\"url\":\"https:\/\/commanderie7.com\/de\/datenschutzerklaerung-datenschutz-dsgvo\/\",\"name\":\"Datenschutzerkl\u00e4rung &amp; Datenschutz (DSGVO) - Commanderie 7\",\"isPartOf\":{\"@id\":\"https:\/\/commanderie7.com\/de\/#website\"},\"datePublished\":\"2025-12-10T20:10:46+00:00\",\"dateModified\":\"2026-01-08T15:19:01+00:00\",\"breadcrumb\":{\"@id\":\"https:\/\/commanderie7.com\/de\/datenschutzerklaerung-datenschutz-dsgvo\/#breadcrumb\"},\"inLanguage\":\"de\",\"potentialAction\":[{\"@type\":\"ReadAction\",\"target\":[\"https:\/\/commanderie7.com\/de\/datenschutzerklaerung-datenschutz-dsgvo\/\"]}]},{\"@type\":\"BreadcrumbList\",\"@id\":\"https:\/\/commanderie7.com\/de\/datenschutzerklaerung-datenschutz-dsgvo\/#breadcrumb\",\"itemListElement\":[{\"@type\":\"ListItem\",\"position\":1,\"name\":\"Accueil\",\"item\":\"https:\/\/commanderie7.com\/de\/willkommen\/\"},{\"@type\":\"ListItem\",\"position\":2,\"name\":\"Datenschutzerkl\u00e4rung &amp; Datenschutz (DSGVO)\"}]},{\"@type\":\"WebSite\",\"@id\":\"https:\/\/commanderie7.com\/de\/#website\",\"url\":\"https:\/\/commanderie7.com\/de\/\",\"name\":\"Commanderie 7\",\"description\":\"Pisciculture - Brasserie - Truite\",\"potentialAction\":[{\"@type\":\"SearchAction\",\"target\":{\"@type\":\"EntryPoint\",\"urlTemplate\":\"https:\/\/commanderie7.com\/de\/?s={search_term_string}\"},\"query-input\":{\"@type\":\"PropertyValueSpecification\",\"valueRequired\":true,\"valueName\":\"search_term_string\"}}],\"inLanguage\":\"de\"}]}<\/script>\n<!-- \/ Yoast SEO plugin. -->","yoast_head_json":{"title":"Datenschutzerkl\u00e4rung &amp; Datenschutz (DSGVO) - Commanderie 7","robots":{"index":"index","follow":"follow","max-snippet":"max-snippet:-1","max-image-preview":"max-image-preview:large","max-video-preview":"max-video-preview:-1"},"canonical":"https:\/\/commanderie7.com\/de\/datenschutzerklaerung-datenschutz-dsgvo\/","og_locale":"de_DE","og_type":"article","og_title":"Datenschutzerkl\u00e4rung &amp; Datenschutz (DSGVO) - Commanderie 7","og_description":"Datenschutzerkl\u00e4rung &amp; Datenschutz (DSGVO) Commanderie 7 - Fischzucht, Shop, F\u00fchrungen &amp; Restaurant Die vorliegende Politik beschreibt, wie SRL Immo Baltus die pers\u00f6nlichen Daten der Nutzer der Commanderie7.com Website in \u00dcbereinstimmung mit der DSGVO und der belgischen Gesetzgebung sammelt, verwendet und sch\u00fctzt. 1. Verantwortlich f\u00fcr die Verarbeitung SRL Immo Baltus Stra\u00dfe Saint Antoine 11 4880 Aubel - Belgien TVA: BE0466.378.473 RPM: Verviers Betriebssitz : Rue Commanderie 7 3792 Fouron-Saint-Pierre - Belgien Kontakt : \u2709\ufe0f info@commanderie7.com 2. Erfasste pers\u00f6nliche Daten Wir sammeln nur die Daten, die wir ben\u00f6tigen, um unsere Dienstleistungen zu erbringen: 2.1 Bei einer Bestellung von Produkten Name und Vorname E-Mail-Adresse Postanschrift Telefon Informationen \u00fcber Bestellung, Abholung und Rechnungsstellung 2.2 Bei einer Reservierung (Restaurant, F\u00fchrung, Weinprobe) Name und Vorname E-Mail-Adresse Telefon Informationen zur Buchung (Datum, Uhrzeit, Anzahl der Personen) 2.3 Bei der Anmeldung f\u00fcr den Newsletter E-Mail-Adresse \u27a1\ufe0f Anmeldung nur in Opt-inNur mit ausdr\u00fccklicher Zustimmung. 2.4 \u00dcber die Kontaktformulare Name E-Mail-Adresse Jede Information, die absichtlich in der Nachricht \u00fcbermittelt wird 2.5 Cookies und Statistiken Anonymisierte Publikumsdaten \u00fcber Google AnalyticsWenn die Zustimmung erteilt wurde. 3. Zweck der Verarbeitung Die Daten werden verwendet, um : Verwaltung und Vorbereitung von Bestellungen Best\u00e4tigungen und Mitteilungen in Bezug auf Buchungen sicherstellen Rechnungsstellung, nur wenn n\u00f6tig [&hellip;]","og_url":"https:\/\/commanderie7.com\/de\/datenschutzerklaerung-datenschutz-dsgvo\/","og_site_name":"Commanderie 7","article_publisher":"https:\/\/www.facebook.com\/commanderie7","article_modified_time":"2026-01-08T15:19:01+00:00","twitter_card":"summary_large_image","twitter_misc":{"Gesch\u00e4tzte Lesezeit":"3\u00a0Minute"},"schema":{"@context":"https:\/\/schema.org","@graph":[{"@type":"WebPage","@id":"https:\/\/commanderie7.com\/de\/datenschutzerklaerung-datenschutz-dsgvo\/","url":"https:\/\/commanderie7.com\/de\/datenschutzerklaerung-datenschutz-dsgvo\/","name":"Datenschutzerkl\u00e4rung &amp; Datenschutz (DSGVO) - Commanderie 7","isPartOf":{"@id":"https:\/\/commanderie7.com\/de\/#website"},"datePublished":"2025-12-10T20:10:46+00:00","dateModified":"2026-01-08T15:19:01+00:00","breadcrumb":{"@id":"https:\/\/commanderie7.com\/de\/datenschutzerklaerung-datenschutz-dsgvo\/#breadcrumb"},"inLanguage":"de","potentialAction":[{"@type":"ReadAction","target":["https:\/\/commanderie7.com\/de\/datenschutzerklaerung-datenschutz-dsgvo\/"]}]},{"@type":"BreadcrumbList","@id":"https:\/\/commanderie7.com\/de\/datenschutzerklaerung-datenschutz-dsgvo\/#breadcrumb","itemListElement":[{"@type":"ListItem","position":1,"name":"Accueil","item":"https:\/\/commanderie7.com\/de\/willkommen\/"},{"@type":"ListItem","position":2,"name":"Datenschutzerkl\u00e4rung &amp; Datenschutz (DSGVO)"}]},{"@type":"WebSite","@id":"https:\/\/commanderie7.com\/de\/#website","url":"https:\/\/commanderie7.com\/de\/","name":"Commanderie 7","description":"Pisciculture - Brasserie - Truite","potentialAction":[{"@type":"SearchAction","target":{"@type":"EntryPoint","urlTemplate":"https:\/\/commanderie7.com\/de\/?s={search_term_string}"},"query-input":{"@type":"PropertyValueSpecification","valueRequired":true,"valueName":"search_term_string"}}],"inLanguage":"de"}]}},"_links":{"self":[{"href":"https:\/\/commanderie7.com\/de\/wp-json\/wp\/v2\/pages\/19536","targetHints":{"allow":["GET"]}}],"collection":[{"href":"https:\/\/commanderie7.com\/de\/wp-json\/wp\/v2\/pages"}],"about":[{"href":"https:\/\/commanderie7.com\/de\/wp-json\/wp\/v2\/types\/page"}],"author":[{"embeddable":true,"href":"https:\/\/commanderie7.com\/de\/wp-json\/wp\/v2\/users\/1"}],"replies":[{"embeddable":true,"href":"https:\/\/commanderie7.com\/de\/wp-json\/wp\/v2\/comments?post=19536"}],"version-history":[{"count":6,"href":"https:\/\/commanderie7.com\/de\/wp-json\/wp\/v2\/pages\/19536\/revisions"}],"predecessor-version":[{"id":26381,"href":"https:\/\/commanderie7.com\/de\/wp-json\/wp\/v2\/pages\/19536\/revisions\/26381"}],"wp:attachment":[{"href":"https:\/\/commanderie7.com\/de\/wp-json\/wp\/v2\/media?parent=19536"}],"curies":[{"name":"wp","href":"https:\/\/api.w.org\/{rel}","templated":true}]}}