{"id":18967,"date":"2025-03-24T14:22:59","date_gmt":"2025-03-24T13:22:59","guid":{"rendered":"https:\/\/new.commanderie7.com\/produit\/forellenmousse\/"},"modified":"2026-01-30T15:25:17","modified_gmt":"2026-01-30T14:25:17","slug":"forellenmousse","status":"publish","type":"product","link":"https:\/\/commanderie7.com\/de\/produkt\/forellenmousse\/","title":{"rendered":"Forellenmousse"},"content":{"rendered":"","protected":false},"excerpt":{"rendered":"<p>Der Forellenschaum wird mit in Kurzbr\u00fche gegartem Forellenfleisch, hei\u00df ger\u00e4uchertem Forellenfleisch und hausgemachter Mayonnaise hergestellt.<\/p>\n<p>Ideal auf Toast oder Brot.<\/p>\n<p>Mindesthaltbarkeitsdatum : 15 Tage nach der Produktion.<\/p>\n","protected":false},"featured_media":18236,"template":"","meta":{"_et_pb_use_builder":"","_et_pb_old_content":"","_et_gb_content_width":""},"product_brand":[],"product_cat":[117,90],"product_tag":[],"class_list":{"0":"post-18967","1":"product","2":"type-product","3":"status-publish","4":"has-post-thumbnail","6":"product_cat-frische-zubereitung","7":"product_cat-produkt","9":"first","10":"instock","11":"purchasable","12":"product-type-variable"},"yoast_head":"<!-- This site is optimized with the Yoast SEO plugin v26.9 - https:\/\/yoast.com\/product\/yoast-seo-wordpress\/ -->\n<title>Forellenmousse - Commanderie 7<\/title>\n<meta name=\"robots\" content=\"index, follow, max-snippet:-1, max-image-preview:large, max-video-preview:-1\" \/>\n<link rel=\"canonical\" href=\"https:\/\/commanderie7.com\/de\/produkt\/forellenmousse\/\" \/>\n<meta property=\"og:locale\" content=\"de_DE\" \/>\n<meta property=\"og:type\" content=\"article\" \/>\n<meta property=\"og:title\" content=\"Forellenmousse - Commanderie 7\" \/>\n<meta property=\"og:description\" content=\"Der Forellenschaum wird mit in Kurzbr\u00fche gegartem Forellenfleisch, hei\u00df ger\u00e4uchertem Forellenfleisch und hausgemachter Mayonnaise hergestellt.  Ideal auf Toast oder Brot.  Mindesthaltbarkeitsdatum : 15 Tage nach der Produktion.\" \/>\n<meta property=\"og:url\" content=\"https:\/\/commanderie7.com\/de\/produkt\/forellenmousse\/\" \/>\n<meta property=\"og:site_name\" content=\"Commanderie 7\" \/>\n<meta property=\"article:publisher\" content=\"https:\/\/www.facebook.com\/commanderie7\" \/>\n<meta property=\"article:modified_time\" content=\"2026-01-30T14:25:17+00:00\" \/>\n<meta name=\"twitter:card\" content=\"summary_large_image\" \/>\n<script type=\"application\/ld+json\" class=\"yoast-schema-graph\">{\"@context\":\"https:\/\/schema.org\",\"@graph\":[{\"@type\":\"WebPage\",\"@id\":\"https:\/\/commanderie7.com\/de\/produkt\/forellenmousse\/\",\"url\":\"https:\/\/commanderie7.com\/de\/produkt\/forellenmousse\/\",\"name\":\"Forellenmousse - Commanderie 7\",\"isPartOf\":{\"@id\":\"https:\/\/commanderie7.com\/de\/#website\"},\"primaryImageOfPage\":{\"@id\":\"https:\/\/commanderie7.com\/de\/produkt\/forellenmousse\/#primaryimage\"},\"image\":{\"@id\":\"https:\/\/commanderie7.com\/de\/produkt\/forellenmousse\/#primaryimage\"},\"thumbnailUrl\":\"https:\/\/commanderie7.com\/wp-content\/uploads\/2025\/03\/DSCF5513-e1762188404252.jpg\",\"datePublished\":\"2025-03-24T13:22:59+00:00\",\"dateModified\":\"2026-01-30T14:25:17+00:00\",\"breadcrumb\":{\"@id\":\"https:\/\/commanderie7.com\/de\/produkt\/forellenmousse\/#breadcrumb\"},\"inLanguage\":\"de\",\"potentialAction\":[{\"@type\":\"ReadAction\",\"target\":[\"https:\/\/commanderie7.com\/de\/produkt\/forellenmousse\/\"]}]},{\"@type\":\"ImageObject\",\"inLanguage\":\"de\",\"@id\":\"https:\/\/commanderie7.com\/de\/produkt\/forellenmousse\/#primaryimage\",\"url\":\"https:\/\/commanderie7.com\/wp-content\/uploads\/2025\/03\/DSCF5513-e1762188404252.jpg\",\"contentUrl\":\"https:\/\/commanderie7.com\/wp-content\/uploads\/2025\/03\/DSCF5513-e1762188404252.jpg\",\"width\":800,\"height\":800},{\"@type\":\"BreadcrumbList\",\"@id\":\"https:\/\/commanderie7.com\/de\/produkt\/forellenmousse\/#breadcrumb\",\"itemListElement\":[{\"@type\":\"ListItem\",\"position\":1,\"name\":\"Accueil\",\"item\":\"https:\/\/commanderie7.com\/de\/willkommen\/\"},{\"@type\":\"ListItem\",\"position\":2,\"name\":\"Erzeugnisse\",\"item\":\"https:\/\/commanderie7.com\/produit\/\"},{\"@type\":\"ListItem\",\"position\":3,\"name\":\"Forellenmousse\"}]},{\"@type\":\"WebSite\",\"@id\":\"https:\/\/commanderie7.com\/de\/#website\",\"url\":\"https:\/\/commanderie7.com\/de\/\",\"name\":\"Commanderie 7\",\"description\":\"Pisciculture - Brasserie - Truite\",\"potentialAction\":[{\"@type\":\"SearchAction\",\"target\":{\"@type\":\"EntryPoint\",\"urlTemplate\":\"https:\/\/commanderie7.com\/de\/?s={search_term_string}\"},\"query-input\":{\"@type\":\"PropertyValueSpecification\",\"valueRequired\":true,\"valueName\":\"search_term_string\"}}],\"inLanguage\":\"de\"}]}<\/script>\n<!-- \/ Yoast SEO plugin. -->","yoast_head_json":{"title":"Forellenmousse - Commanderie 7","robots":{"index":"index","follow":"follow","max-snippet":"max-snippet:-1","max-image-preview":"max-image-preview:large","max-video-preview":"max-video-preview:-1"},"canonical":"https:\/\/commanderie7.com\/de\/produkt\/forellenmousse\/","og_locale":"de_DE","og_type":"article","og_title":"Forellenmousse - Commanderie 7","og_description":"Der Forellenschaum wird mit in Kurzbr\u00fche gegartem Forellenfleisch, hei\u00df ger\u00e4uchertem Forellenfleisch und hausgemachter Mayonnaise hergestellt.  Ideal auf Toast oder Brot.  Mindesthaltbarkeitsdatum : 15 Tage nach der Produktion.","og_url":"https:\/\/commanderie7.com\/de\/produkt\/forellenmousse\/","og_site_name":"Commanderie 7","article_publisher":"https:\/\/www.facebook.com\/commanderie7","article_modified_time":"2026-01-30T14:25:17+00:00","twitter_card":"summary_large_image","schema":{"@context":"https:\/\/schema.org","@graph":[{"@type":"WebPage","@id":"https:\/\/commanderie7.com\/de\/produkt\/forellenmousse\/","url":"https:\/\/commanderie7.com\/de\/produkt\/forellenmousse\/","name":"Forellenmousse - Commanderie 7","isPartOf":{"@id":"https:\/\/commanderie7.com\/de\/#website"},"primaryImageOfPage":{"@id":"https:\/\/commanderie7.com\/de\/produkt\/forellenmousse\/#primaryimage"},"image":{"@id":"https:\/\/commanderie7.com\/de\/produkt\/forellenmousse\/#primaryimage"},"thumbnailUrl":"https:\/\/commanderie7.com\/wp-content\/uploads\/2025\/03\/DSCF5513-e1762188404252.jpg","datePublished":"2025-03-24T13:22:59+00:00","dateModified":"2026-01-30T14:25:17+00:00","breadcrumb":{"@id":"https:\/\/commanderie7.com\/de\/produkt\/forellenmousse\/#breadcrumb"},"inLanguage":"de","potentialAction":[{"@type":"ReadAction","target":["https:\/\/commanderie7.com\/de\/produkt\/forellenmousse\/"]}]},{"@type":"ImageObject","inLanguage":"de","@id":"https:\/\/commanderie7.com\/de\/produkt\/forellenmousse\/#primaryimage","url":"https:\/\/commanderie7.com\/wp-content\/uploads\/2025\/03\/DSCF5513-e1762188404252.jpg","contentUrl":"https:\/\/commanderie7.com\/wp-content\/uploads\/2025\/03\/DSCF5513-e1762188404252.jpg","width":800,"height":800},{"@type":"BreadcrumbList","@id":"https:\/\/commanderie7.com\/de\/produkt\/forellenmousse\/#breadcrumb","itemListElement":[{"@type":"ListItem","position":1,"name":"Accueil","item":"https:\/\/commanderie7.com\/de\/willkommen\/"},{"@type":"ListItem","position":2,"name":"Erzeugnisse","item":"https:\/\/commanderie7.com\/produit\/"},{"@type":"ListItem","position":3,"name":"Forellenmousse"}]},{"@type":"WebSite","@id":"https:\/\/commanderie7.com\/de\/#website","url":"https:\/\/commanderie7.com\/de\/","name":"Commanderie 7","description":"Pisciculture - Brasserie - Truite","potentialAction":[{"@type":"SearchAction","target":{"@type":"EntryPoint","urlTemplate":"https:\/\/commanderie7.com\/de\/?s={search_term_string}"},"query-input":{"@type":"PropertyValueSpecification","valueRequired":true,"valueName":"search_term_string"}}],"inLanguage":"de"}]}},"_links":{"self":[{"href":"https:\/\/commanderie7.com\/de\/wp-json\/wp\/v2\/product\/18967","targetHints":{"allow":["GET"]}}],"collection":[{"href":"https:\/\/commanderie7.com\/de\/wp-json\/wp\/v2\/product"}],"about":[{"href":"https:\/\/commanderie7.com\/de\/wp-json\/wp\/v2\/types\/product"}],"wp:featuredmedia":[{"embeddable":true,"href":"https:\/\/commanderie7.com\/de\/wp-json\/wp\/v2\/media\/18236"}],"wp:attachment":[{"href":"https:\/\/commanderie7.com\/de\/wp-json\/wp\/v2\/media?parent=18967"}],"wp:term":[{"taxonomy":"product_brand","embeddable":true,"href":"https:\/\/commanderie7.com\/de\/wp-json\/wp\/v2\/product_brand?post=18967"},{"taxonomy":"product_cat","embeddable":true,"href":"https:\/\/commanderie7.com\/de\/wp-json\/wp\/v2\/product_cat?post=18967"},{"taxonomy":"product_tag","embeddable":true,"href":"https:\/\/commanderie7.com\/de\/wp-json\/wp\/v2\/product_tag?post=18967"}],"curies":[{"name":"wp","href":"https:\/\/api.w.org\/{rel}","templated":true}]}}