{"id":18983,"date":"2025-03-24T14:52:54","date_gmt":"2025-03-24T13:52:54","guid":{"rendered":"https:\/\/new.commanderie7.com\/produit\/frische-regenbogen-forelle-1-2kg\/"},"modified":"2025-12-10T23:17:12","modified_gmt":"2025-12-10T22:17:12","slug":"frische-regenbogen-forelle-1-2kg","status":"publish","type":"product","link":"https:\/\/commanderie7.com\/de\/produkt\/frische-regenbogen-forelle-1-2kg\/","title":{"rendered":"FRISCHE REGENBOGEN-FORELLE \u2022 1 &gt; 2kg"},"content":{"rendered":"","protected":false},"excerpt":{"rendered":"<p>Frische Forelle aus der Fischzucht &#8222;Commanderie7&#8220;.<br \/>\nAusgenommen und Gesaubert auf anfrage<\/p>\n<p>Wir arbeiten in kleiner Produktion mit Respekt vor der Forelle und geben ihr Zeit zum Wachsen. Die Gr\u00f6\u00dfe und Verf\u00fcgbarkeit unserer Fische kann je nach Produktion variieren. <\/p>\n<p>Forelle zwischen 1kg und 2kg<\/p>\n<p><em>Mindesthaltbarkeitsdatum : 5 Tage nach der Produktion. <\/em><\/p>\n","protected":false},"featured_media":18842,"template":"","meta":{"_et_pb_use_builder":"","_et_pb_old_content":"","_et_gb_content_width":""},"product_brand":[],"product_cat":[123],"product_tag":[],"class_list":{"0":"post-18983","1":"product","2":"type-product","3":"status-publish","4":"has-post-thumbnail","6":"product_cat-ganze-ausgenommene-forelle","8":"first","9":"instock","10":"purchasable","11":"product-type-simple"},"yoast_head":"<!-- This site is optimized with the Yoast SEO plugin v26.9 - https:\/\/yoast.com\/product\/yoast-seo-wordpress\/ -->\n<title>FRISCHE REGENBOGEN-FORELLE \u2022 1 &gt; 2kg - Commanderie 7<\/title>\n<meta name=\"robots\" content=\"index, follow, max-snippet:-1, max-image-preview:large, max-video-preview:-1\" \/>\n<link rel=\"canonical\" href=\"https:\/\/commanderie7.com\/de\/produkt\/frische-regenbogen-forelle-1-2kg\/\" \/>\n<meta property=\"og:locale\" content=\"de_DE\" \/>\n<meta property=\"og:type\" content=\"article\" \/>\n<meta property=\"og:title\" content=\"FRISCHE REGENBOGEN-FORELLE \u2022 1 &gt; 2kg - Commanderie 7\" \/>\n<meta property=\"og:description\" content=\"Frische Forelle aus der Fischzucht &quot;Commanderie7&quot;. Ausgenommen und Gesaubert auf anfrage Wir arbeiten in kleiner Produktion mit Respekt vor der Forelle und geben ihr Zeit zum Wachsen. Die Gr\u00f6\u00dfe und Verf\u00fcgbarkeit unserer Fische kann je nach Produktion variieren.  Forelle zwischen 1kg und 2kg Mindesthaltbarkeitsdatum : 5 Tage nach der Produktion.\" \/>\n<meta property=\"og:url\" content=\"https:\/\/commanderie7.com\/de\/produkt\/frische-regenbogen-forelle-1-2kg\/\" \/>\n<meta property=\"og:site_name\" content=\"Commanderie 7\" \/>\n<meta property=\"article:publisher\" content=\"https:\/\/www.facebook.com\/commanderie7\" \/>\n<meta property=\"article:modified_time\" content=\"2025-12-10T22:17:12+00:00\" \/>\n<meta property=\"og:image\" content=\"https:\/\/commanderie7.com\/wp-content\/uploads\/2025\/11\/IMG_0452-truite-arc-1kg.jpg\" \/>\n\t<meta property=\"og:image:width\" content=\"800\" \/>\n\t<meta property=\"og:image:height\" content=\"800\" \/>\n\t<meta property=\"og:image:type\" content=\"image\/jpeg\" \/>\n<meta name=\"twitter:card\" content=\"summary_large_image\" \/>\n<script type=\"application\/ld+json\" class=\"yoast-schema-graph\">{\"@context\":\"https:\/\/schema.org\",\"@graph\":[{\"@type\":\"WebPage\",\"@id\":\"https:\/\/commanderie7.com\/de\/produkt\/frische-regenbogen-forelle-1-2kg\/\",\"url\":\"https:\/\/commanderie7.com\/de\/produkt\/frische-regenbogen-forelle-1-2kg\/\",\"name\":\"FRISCHE REGENBOGEN-FORELLE \u2022 1 &gt; 2kg - Commanderie 7\",\"isPartOf\":{\"@id\":\"https:\/\/commanderie7.com\/de\/#website\"},\"primaryImageOfPage\":{\"@id\":\"https:\/\/commanderie7.com\/de\/produkt\/frische-regenbogen-forelle-1-2kg\/#primaryimage\"},\"image\":{\"@id\":\"https:\/\/commanderie7.com\/de\/produkt\/frische-regenbogen-forelle-1-2kg\/#primaryimage\"},\"thumbnailUrl\":\"https:\/\/commanderie7.com\/wp-content\/uploads\/2025\/11\/IMG_0452-truite-arc-1kg.jpg\",\"datePublished\":\"2025-03-24T13:52:54+00:00\",\"dateModified\":\"2025-12-10T22:17:12+00:00\",\"breadcrumb\":{\"@id\":\"https:\/\/commanderie7.com\/de\/produkt\/frische-regenbogen-forelle-1-2kg\/#breadcrumb\"},\"inLanguage\":\"de\",\"potentialAction\":[{\"@type\":\"ReadAction\",\"target\":[\"https:\/\/commanderie7.com\/de\/produkt\/frische-regenbogen-forelle-1-2kg\/\"]}]},{\"@type\":\"ImageObject\",\"inLanguage\":\"de\",\"@id\":\"https:\/\/commanderie7.com\/de\/produkt\/frische-regenbogen-forelle-1-2kg\/#primaryimage\",\"url\":\"https:\/\/commanderie7.com\/wp-content\/uploads\/2025\/11\/IMG_0452-truite-arc-1kg.jpg\",\"contentUrl\":\"https:\/\/commanderie7.com\/wp-content\/uploads\/2025\/11\/IMG_0452-truite-arc-1kg.jpg\",\"width\":800,\"height\":800},{\"@type\":\"BreadcrumbList\",\"@id\":\"https:\/\/commanderie7.com\/de\/produkt\/frische-regenbogen-forelle-1-2kg\/#breadcrumb\",\"itemListElement\":[{\"@type\":\"ListItem\",\"position\":1,\"name\":\"Accueil\",\"item\":\"https:\/\/commanderie7.com\/de\/willkommen\/\"},{\"@type\":\"ListItem\",\"position\":2,\"name\":\"Erzeugnisse\",\"item\":\"https:\/\/commanderie7.com\/produit\/\"},{\"@type\":\"ListItem\",\"position\":3,\"name\":\"FRISCHE REGENBOGEN-FORELLE \u2022 1 &gt; 2kg\"}]},{\"@type\":\"WebSite\",\"@id\":\"https:\/\/commanderie7.com\/de\/#website\",\"url\":\"https:\/\/commanderie7.com\/de\/\",\"name\":\"Commanderie 7\",\"description\":\"Pisciculture - Brasserie - Truite\",\"potentialAction\":[{\"@type\":\"SearchAction\",\"target\":{\"@type\":\"EntryPoint\",\"urlTemplate\":\"https:\/\/commanderie7.com\/de\/?s={search_term_string}\"},\"query-input\":{\"@type\":\"PropertyValueSpecification\",\"valueRequired\":true,\"valueName\":\"search_term_string\"}}],\"inLanguage\":\"de\"}]}<\/script>\n<!-- \/ Yoast SEO plugin. -->","yoast_head_json":{"title":"FRISCHE REGENBOGEN-FORELLE \u2022 1 &gt; 2kg - Commanderie 7","robots":{"index":"index","follow":"follow","max-snippet":"max-snippet:-1","max-image-preview":"max-image-preview:large","max-video-preview":"max-video-preview:-1"},"canonical":"https:\/\/commanderie7.com\/de\/produkt\/frische-regenbogen-forelle-1-2kg\/","og_locale":"de_DE","og_type":"article","og_title":"FRISCHE REGENBOGEN-FORELLE \u2022 1 &gt; 2kg - Commanderie 7","og_description":"Frische Forelle aus der Fischzucht \"Commanderie7\". Ausgenommen und Gesaubert auf anfrage Wir arbeiten in kleiner Produktion mit Respekt vor der Forelle und geben ihr Zeit zum Wachsen. Die Gr\u00f6\u00dfe und Verf\u00fcgbarkeit unserer Fische kann je nach Produktion variieren.  Forelle zwischen 1kg und 2kg Mindesthaltbarkeitsdatum : 5 Tage nach der Produktion.","og_url":"https:\/\/commanderie7.com\/de\/produkt\/frische-regenbogen-forelle-1-2kg\/","og_site_name":"Commanderie 7","article_publisher":"https:\/\/www.facebook.com\/commanderie7","article_modified_time":"2025-12-10T22:17:12+00:00","og_image":[{"width":800,"height":800,"url":"https:\/\/commanderie7.com\/wp-content\/uploads\/2025\/11\/IMG_0452-truite-arc-1kg.jpg","type":"image\/jpeg"}],"twitter_card":"summary_large_image","schema":{"@context":"https:\/\/schema.org","@graph":[{"@type":"WebPage","@id":"https:\/\/commanderie7.com\/de\/produkt\/frische-regenbogen-forelle-1-2kg\/","url":"https:\/\/commanderie7.com\/de\/produkt\/frische-regenbogen-forelle-1-2kg\/","name":"FRISCHE REGENBOGEN-FORELLE \u2022 1 &gt; 2kg - Commanderie 7","isPartOf":{"@id":"https:\/\/commanderie7.com\/de\/#website"},"primaryImageOfPage":{"@id":"https:\/\/commanderie7.com\/de\/produkt\/frische-regenbogen-forelle-1-2kg\/#primaryimage"},"image":{"@id":"https:\/\/commanderie7.com\/de\/produkt\/frische-regenbogen-forelle-1-2kg\/#primaryimage"},"thumbnailUrl":"https:\/\/commanderie7.com\/wp-content\/uploads\/2025\/11\/IMG_0452-truite-arc-1kg.jpg","datePublished":"2025-03-24T13:52:54+00:00","dateModified":"2025-12-10T22:17:12+00:00","breadcrumb":{"@id":"https:\/\/commanderie7.com\/de\/produkt\/frische-regenbogen-forelle-1-2kg\/#breadcrumb"},"inLanguage":"de","potentialAction":[{"@type":"ReadAction","target":["https:\/\/commanderie7.com\/de\/produkt\/frische-regenbogen-forelle-1-2kg\/"]}]},{"@type":"ImageObject","inLanguage":"de","@id":"https:\/\/commanderie7.com\/de\/produkt\/frische-regenbogen-forelle-1-2kg\/#primaryimage","url":"https:\/\/commanderie7.com\/wp-content\/uploads\/2025\/11\/IMG_0452-truite-arc-1kg.jpg","contentUrl":"https:\/\/commanderie7.com\/wp-content\/uploads\/2025\/11\/IMG_0452-truite-arc-1kg.jpg","width":800,"height":800},{"@type":"BreadcrumbList","@id":"https:\/\/commanderie7.com\/de\/produkt\/frische-regenbogen-forelle-1-2kg\/#breadcrumb","itemListElement":[{"@type":"ListItem","position":1,"name":"Accueil","item":"https:\/\/commanderie7.com\/de\/willkommen\/"},{"@type":"ListItem","position":2,"name":"Erzeugnisse","item":"https:\/\/commanderie7.com\/produit\/"},{"@type":"ListItem","position":3,"name":"FRISCHE REGENBOGEN-FORELLE \u2022 1 &gt; 2kg"}]},{"@type":"WebSite","@id":"https:\/\/commanderie7.com\/de\/#website","url":"https:\/\/commanderie7.com\/de\/","name":"Commanderie 7","description":"Pisciculture - Brasserie - Truite","potentialAction":[{"@type":"SearchAction","target":{"@type":"EntryPoint","urlTemplate":"https:\/\/commanderie7.com\/de\/?s={search_term_string}"},"query-input":{"@type":"PropertyValueSpecification","valueRequired":true,"valueName":"search_term_string"}}],"inLanguage":"de"}]}},"_links":{"self":[{"href":"https:\/\/commanderie7.com\/de\/wp-json\/wp\/v2\/product\/18983","targetHints":{"allow":["GET"]}}],"collection":[{"href":"https:\/\/commanderie7.com\/de\/wp-json\/wp\/v2\/product"}],"about":[{"href":"https:\/\/commanderie7.com\/de\/wp-json\/wp\/v2\/types\/product"}],"wp:featuredmedia":[{"embeddable":true,"href":"https:\/\/commanderie7.com\/de\/wp-json\/wp\/v2\/media\/18842"}],"wp:attachment":[{"href":"https:\/\/commanderie7.com\/de\/wp-json\/wp\/v2\/media?parent=18983"}],"wp:term":[{"taxonomy":"product_brand","embeddable":true,"href":"https:\/\/commanderie7.com\/de\/wp-json\/wp\/v2\/product_brand?post=18983"},{"taxonomy":"product_cat","embeddable":true,"href":"https:\/\/commanderie7.com\/de\/wp-json\/wp\/v2\/product_cat?post=18983"},{"taxonomy":"product_tag","embeddable":true,"href":"https:\/\/commanderie7.com\/de\/wp-json\/wp\/v2\/product_tag?post=18983"}],"curies":[{"name":"wp","href":"https:\/\/api.w.org\/{rel}","templated":true}]}}