{"id":18994,"date":"2025-03-24T16:16:00","date_gmt":"2025-03-24T15:16:00","guid":{"rendered":"https:\/\/new.commanderie7.com\/produit\/rillettes-von-forellen\/"},"modified":"2025-12-10T23:17:19","modified_gmt":"2025-12-10T22:17:19","slug":"rillettes-von-forellen","status":"publish","type":"product","link":"https:\/\/commanderie7.com\/de\/produkt\/rillettes-von-forellen\/","title":{"rendered":"RILLETTES VON FORELLEN"},"content":{"rendered":"","protected":false},"excerpt":{"rendered":"<p>Forellenrillettes werden aus in Court-Bouillon gegartem Forellenfleisch und hei\u00df ger\u00e4uchertem Forellenfleisch hergestellt.<br \/>\nSie ist cremig und tomatisiert. Frisches Gem\u00fcse verleiht dieser Zubereitung einen Hauch von Provence. <\/p>\n<p>Ideal auf Toast.<\/p>\n<p>Glas 180 gr.<\/p>\n<p>Mindesthaltbarkeitsdatum : 1 Jahr nach der Produktion.<\/p>\n","protected":false},"featured_media":18543,"template":"","meta":{"_et_pb_use_builder":"","_et_pb_old_content":"","_et_gb_content_width":""},"product_brand":[],"product_cat":[111],"product_tag":[],"class_list":{"0":"post-18994","1":"product","2":"type-product","3":"status-publish","4":"has-post-thumbnail","6":"product_cat-konserven","8":"first","9":"instock","10":"purchasable","11":"product-type-simple"},"yoast_head":"<!-- This site is optimized with the Yoast SEO plugin v26.9 - https:\/\/yoast.com\/product\/yoast-seo-wordpress\/ -->\n<title>RILLETTES VON FORELLEN - Commanderie 7<\/title>\n<meta name=\"robots\" content=\"index, follow, max-snippet:-1, max-image-preview:large, max-video-preview:-1\" \/>\n<link rel=\"canonical\" href=\"https:\/\/commanderie7.com\/de\/produkt\/rillettes-von-forellen\/\" \/>\n<meta property=\"og:locale\" content=\"de_DE\" \/>\n<meta property=\"og:type\" content=\"article\" \/>\n<meta property=\"og:title\" content=\"RILLETTES VON FORELLEN - Commanderie 7\" \/>\n<meta property=\"og:description\" content=\"Forellenrillettes werden aus in Court-Bouillon gegartem Forellenfleisch und hei\u00df ger\u00e4uchertem Forellenfleisch hergestellt. Sie ist cremig und tomatisiert. Frisches Gem\u00fcse verleiht dieser Zubereitung einen Hauch von Provence.  Ideal auf Toast. Glas 180 gr. Mindesthaltbarkeitsdatum : 1 Jahr nach der Produktion.\" \/>\n<meta property=\"og:url\" content=\"https:\/\/commanderie7.com\/de\/produkt\/rillettes-von-forellen\/\" \/>\n<meta property=\"og:site_name\" content=\"Commanderie 7\" \/>\n<meta property=\"article:publisher\" content=\"https:\/\/www.facebook.com\/commanderie7\" \/>\n<meta property=\"article:modified_time\" content=\"2025-12-10T22:17:19+00:00\" \/>\n<meta property=\"og:image\" content=\"https:\/\/commanderie7.com\/wp-content\/uploads\/2025\/03\/DSC_0259-e1435410397279-65627415-e1762191539774.jpg\" \/>\n\t<meta property=\"og:image:width\" content=\"639\" \/>\n\t<meta property=\"og:image:height\" content=\"639\" \/>\n\t<meta property=\"og:image:type\" content=\"image\/jpeg\" \/>\n<meta name=\"twitter:card\" content=\"summary_large_image\" \/>\n<script type=\"application\/ld+json\" class=\"yoast-schema-graph\">{\"@context\":\"https:\/\/schema.org\",\"@graph\":[{\"@type\":\"WebPage\",\"@id\":\"https:\/\/commanderie7.com\/de\/produkt\/rillettes-von-forellen\/\",\"url\":\"https:\/\/commanderie7.com\/de\/produkt\/rillettes-von-forellen\/\",\"name\":\"RILLETTES VON FORELLEN - Commanderie 7\",\"isPartOf\":{\"@id\":\"https:\/\/commanderie7.com\/de\/#website\"},\"primaryImageOfPage\":{\"@id\":\"https:\/\/commanderie7.com\/de\/produkt\/rillettes-von-forellen\/#primaryimage\"},\"image\":{\"@id\":\"https:\/\/commanderie7.com\/de\/produkt\/rillettes-von-forellen\/#primaryimage\"},\"thumbnailUrl\":\"https:\/\/commanderie7.com\/wp-content\/uploads\/2025\/03\/DSC_0259-e1435410397279-65627415-e1762191539774.jpg\",\"datePublished\":\"2025-03-24T15:16:00+00:00\",\"dateModified\":\"2025-12-10T22:17:19+00:00\",\"breadcrumb\":{\"@id\":\"https:\/\/commanderie7.com\/de\/produkt\/rillettes-von-forellen\/#breadcrumb\"},\"inLanguage\":\"de\",\"potentialAction\":[{\"@type\":\"ReadAction\",\"target\":[\"https:\/\/commanderie7.com\/de\/produkt\/rillettes-von-forellen\/\"]}]},{\"@type\":\"ImageObject\",\"inLanguage\":\"de\",\"@id\":\"https:\/\/commanderie7.com\/de\/produkt\/rillettes-von-forellen\/#primaryimage\",\"url\":\"https:\/\/commanderie7.com\/wp-content\/uploads\/2025\/03\/DSC_0259-e1435410397279-65627415-e1762191539774.jpg\",\"contentUrl\":\"https:\/\/commanderie7.com\/wp-content\/uploads\/2025\/03\/DSC_0259-e1435410397279-65627415-e1762191539774.jpg\",\"width\":639,\"height\":639},{\"@type\":\"BreadcrumbList\",\"@id\":\"https:\/\/commanderie7.com\/de\/produkt\/rillettes-von-forellen\/#breadcrumb\",\"itemListElement\":[{\"@type\":\"ListItem\",\"position\":1,\"name\":\"Accueil\",\"item\":\"https:\/\/commanderie7.com\/de\/willkommen\/\"},{\"@type\":\"ListItem\",\"position\":2,\"name\":\"Erzeugnisse\",\"item\":\"https:\/\/commanderie7.com\/produit\/\"},{\"@type\":\"ListItem\",\"position\":3,\"name\":\"RILLETTES VON FORELLEN\"}]},{\"@type\":\"WebSite\",\"@id\":\"https:\/\/commanderie7.com\/de\/#website\",\"url\":\"https:\/\/commanderie7.com\/de\/\",\"name\":\"Commanderie 7\",\"description\":\"Pisciculture - Brasserie - Truite\",\"potentialAction\":[{\"@type\":\"SearchAction\",\"target\":{\"@type\":\"EntryPoint\",\"urlTemplate\":\"https:\/\/commanderie7.com\/de\/?s={search_term_string}\"},\"query-input\":{\"@type\":\"PropertyValueSpecification\",\"valueRequired\":true,\"valueName\":\"search_term_string\"}}],\"inLanguage\":\"de\"}]}<\/script>\n<!-- \/ Yoast SEO plugin. -->","yoast_head_json":{"title":"RILLETTES VON FORELLEN - Commanderie 7","robots":{"index":"index","follow":"follow","max-snippet":"max-snippet:-1","max-image-preview":"max-image-preview:large","max-video-preview":"max-video-preview:-1"},"canonical":"https:\/\/commanderie7.com\/de\/produkt\/rillettes-von-forellen\/","og_locale":"de_DE","og_type":"article","og_title":"RILLETTES VON FORELLEN - Commanderie 7","og_description":"Forellenrillettes werden aus in Court-Bouillon gegartem Forellenfleisch und hei\u00df ger\u00e4uchertem Forellenfleisch hergestellt. Sie ist cremig und tomatisiert. Frisches Gem\u00fcse verleiht dieser Zubereitung einen Hauch von Provence.  Ideal auf Toast. Glas 180 gr. Mindesthaltbarkeitsdatum : 1 Jahr nach der Produktion.","og_url":"https:\/\/commanderie7.com\/de\/produkt\/rillettes-von-forellen\/","og_site_name":"Commanderie 7","article_publisher":"https:\/\/www.facebook.com\/commanderie7","article_modified_time":"2025-12-10T22:17:19+00:00","og_image":[{"width":639,"height":639,"url":"https:\/\/commanderie7.com\/wp-content\/uploads\/2025\/03\/DSC_0259-e1435410397279-65627415-e1762191539774.jpg","type":"image\/jpeg"}],"twitter_card":"summary_large_image","schema":{"@context":"https:\/\/schema.org","@graph":[{"@type":"WebPage","@id":"https:\/\/commanderie7.com\/de\/produkt\/rillettes-von-forellen\/","url":"https:\/\/commanderie7.com\/de\/produkt\/rillettes-von-forellen\/","name":"RILLETTES VON FORELLEN - Commanderie 7","isPartOf":{"@id":"https:\/\/commanderie7.com\/de\/#website"},"primaryImageOfPage":{"@id":"https:\/\/commanderie7.com\/de\/produkt\/rillettes-von-forellen\/#primaryimage"},"image":{"@id":"https:\/\/commanderie7.com\/de\/produkt\/rillettes-von-forellen\/#primaryimage"},"thumbnailUrl":"https:\/\/commanderie7.com\/wp-content\/uploads\/2025\/03\/DSC_0259-e1435410397279-65627415-e1762191539774.jpg","datePublished":"2025-03-24T15:16:00+00:00","dateModified":"2025-12-10T22:17:19+00:00","breadcrumb":{"@id":"https:\/\/commanderie7.com\/de\/produkt\/rillettes-von-forellen\/#breadcrumb"},"inLanguage":"de","potentialAction":[{"@type":"ReadAction","target":["https:\/\/commanderie7.com\/de\/produkt\/rillettes-von-forellen\/"]}]},{"@type":"ImageObject","inLanguage":"de","@id":"https:\/\/commanderie7.com\/de\/produkt\/rillettes-von-forellen\/#primaryimage","url":"https:\/\/commanderie7.com\/wp-content\/uploads\/2025\/03\/DSC_0259-e1435410397279-65627415-e1762191539774.jpg","contentUrl":"https:\/\/commanderie7.com\/wp-content\/uploads\/2025\/03\/DSC_0259-e1435410397279-65627415-e1762191539774.jpg","width":639,"height":639},{"@type":"BreadcrumbList","@id":"https:\/\/commanderie7.com\/de\/produkt\/rillettes-von-forellen\/#breadcrumb","itemListElement":[{"@type":"ListItem","position":1,"name":"Accueil","item":"https:\/\/commanderie7.com\/de\/willkommen\/"},{"@type":"ListItem","position":2,"name":"Erzeugnisse","item":"https:\/\/commanderie7.com\/produit\/"},{"@type":"ListItem","position":3,"name":"RILLETTES VON FORELLEN"}]},{"@type":"WebSite","@id":"https:\/\/commanderie7.com\/de\/#website","url":"https:\/\/commanderie7.com\/de\/","name":"Commanderie 7","description":"Pisciculture - Brasserie - Truite","potentialAction":[{"@type":"SearchAction","target":{"@type":"EntryPoint","urlTemplate":"https:\/\/commanderie7.com\/de\/?s={search_term_string}"},"query-input":{"@type":"PropertyValueSpecification","valueRequired":true,"valueName":"search_term_string"}}],"inLanguage":"de"}]}},"_links":{"self":[{"href":"https:\/\/commanderie7.com\/de\/wp-json\/wp\/v2\/product\/18994","targetHints":{"allow":["GET"]}}],"collection":[{"href":"https:\/\/commanderie7.com\/de\/wp-json\/wp\/v2\/product"}],"about":[{"href":"https:\/\/commanderie7.com\/de\/wp-json\/wp\/v2\/types\/product"}],"wp:featuredmedia":[{"embeddable":true,"href":"https:\/\/commanderie7.com\/de\/wp-json\/wp\/v2\/media\/18543"}],"wp:attachment":[{"href":"https:\/\/commanderie7.com\/de\/wp-json\/wp\/v2\/media?parent=18994"}],"wp:term":[{"taxonomy":"product_brand","embeddable":true,"href":"https:\/\/commanderie7.com\/de\/wp-json\/wp\/v2\/product_brand?post=18994"},{"taxonomy":"product_cat","embeddable":true,"href":"https:\/\/commanderie7.com\/de\/wp-json\/wp\/v2\/product_cat?post=18994"},{"taxonomy":"product_tag","embeddable":true,"href":"https:\/\/commanderie7.com\/de\/wp-json\/wp\/v2\/product_tag?post=18994"}],"curies":[{"name":"wp","href":"https:\/\/api.w.org\/{rel}","templated":true}]}}