{"id":19010,"date":"2025-03-25T14:23:00","date_gmt":"2025-03-25T13:23:00","guid":{"rendered":"https:\/\/new.commanderie7.com\/produit\/forelle-heiss-geraeuchert\/"},"modified":"2025-12-10T23:17:32","modified_gmt":"2025-12-10T22:17:32","slug":"forelle-heiss-geraeuchert","status":"publish","type":"product","link":"https:\/\/commanderie7.com\/de\/produkt\/forelle-heiss-geraeuchert\/","title":{"rendered":"FORELLE HEISS GER\u00c4UCHERT"},"content":{"rendered":"","protected":false},"excerpt":{"rendered":"<p>Regenbogen-Forelle als Ganzes 5 bis 6 Stunden ger\u00e4uchert (je nach AuBentemperatur, Luftfeuchtigkeit, Wind\u2026) bei einer Temperatur von 60 bis 70\u00b0c, mit einer Spitze \u00fcber 80\u00b0c, mit Eichen-und Buchensp\u00e4nen, f\u00fcr einen kr\u00e4ftigeren Geschmack, weil die Haut als Filter wirkt und nur den guten Geschmack des Rauches deurchl\u00e4Bt.Truite arc-en-ciel \u201cportion\u201d fum\u00e9e enti\u00e8rement durant 5 \u00e0 6 heures (suivant la temp\u00e9rature ext\u00e9rieure, l\u2019humidit\u00e9 de l\u2019air, le vent,\u2026) \u00e0 une temp\u00e9rature de 60 \u00e0 70 \u00b0c et un pique sup\u00e9rieur \u00e0 80\u00b0c.<\/p>\n<p>Fum\u00e9e avec la sciure de ch\u00eane et h\u00eatre pour la puissance de go\u00fbt sachant que la peau fait office de filtre et ne laissera passer que le bon go\u00fbt de la fumaison.<\/p>\n<p>DLC (Date Limite de Consommation) : 15 jours \u00e0 partir de la date de production.<\/p>\n","protected":false},"featured_media":18858,"template":"","meta":{"_et_pb_use_builder":"","_et_pb_old_content":"","_et_gb_content_width":""},"product_brand":[],"product_cat":[126],"product_tag":[],"class_list":{"0":"post-19010","1":"product","2":"type-product","3":"status-publish","4":"has-post-thumbnail","6":"product_cat-geraucherte-forelle","8":"first","9":"instock","10":"purchasable","11":"product-type-simple"},"yoast_head":"<!-- This site is optimized with the Yoast SEO plugin v26.9 - https:\/\/yoast.com\/product\/yoast-seo-wordpress\/ -->\n<title>FORELLE HEISS GER\u00c4UCHERT - Commanderie 7<\/title>\n<meta name=\"robots\" content=\"index, follow, max-snippet:-1, max-image-preview:large, max-video-preview:-1\" \/>\n<link rel=\"canonical\" href=\"https:\/\/commanderie7.com\/de\/produkt\/forelle-heiss-geraeuchert\/\" \/>\n<meta property=\"og:locale\" content=\"de_DE\" \/>\n<meta property=\"og:type\" content=\"article\" \/>\n<meta property=\"og:title\" content=\"FORELLE HEISS GER\u00c4UCHERT - Commanderie 7\" \/>\n<meta property=\"og:description\" content=\"Regenbogen-Forelle als Ganzes 5 bis 6 Stunden ger\u00e4uchert (je nach AuBentemperatur, Luftfeuchtigkeit, Wind\u2026) bei einer Temperatur von 60 bis 70\u00b0c, mit einer Spitze \u00fcber 80\u00b0c, mit Eichen-und Buchensp\u00e4nen, f\u00fcr einen kr\u00e4ftigeren Geschmack, weil die Haut als Filter wirkt und nur den guten Geschmack des Rauches deurchl\u00e4Bt.Truite arc-en-ciel \u201cportion\u201d fum\u00e9e enti\u00e8rement durant 5 \u00e0 6 heures (suivant la temp\u00e9rature ext\u00e9rieure, l\u2019humidit\u00e9 de l\u2019air, le vent,\u2026) \u00e0 une temp\u00e9rature de 60 \u00e0 70 \u00b0c et un pique sup\u00e9rieur \u00e0 80\u00b0c. Fum\u00e9e avec la sciure de ch\u00eane et h\u00eatre pour la puissance de go\u00fbt sachant que la peau fait office de filtre et ne laissera passer que le bon go\u00fbt de la fumaison. DLC (Date Limite de Consommation) : 15 jours \u00e0 partir de la date de production.\" \/>\n<meta property=\"og:url\" content=\"https:\/\/commanderie7.com\/de\/produkt\/forelle-heiss-geraeuchert\/\" \/>\n<meta property=\"og:site_name\" content=\"Commanderie 7\" \/>\n<meta property=\"article:publisher\" content=\"https:\/\/www.facebook.com\/commanderie7\" \/>\n<meta property=\"article:modified_time\" content=\"2025-12-10T22:17:32+00:00\" \/>\n<meta property=\"og:image\" content=\"https:\/\/commanderie7.com\/wp-content\/uploads\/2025\/03\/MIZ_0492-truite-entiere-fumee.jpg\" \/>\n\t<meta property=\"og:image:width\" content=\"800\" \/>\n\t<meta property=\"og:image:height\" content=\"800\" \/>\n\t<meta property=\"og:image:type\" content=\"image\/jpeg\" \/>\n<meta name=\"twitter:card\" content=\"summary_large_image\" \/>\n<script type=\"application\/ld+json\" class=\"yoast-schema-graph\">{\"@context\":\"https:\/\/schema.org\",\"@graph\":[{\"@type\":\"WebPage\",\"@id\":\"https:\/\/commanderie7.com\/de\/produkt\/forelle-heiss-geraeuchert\/\",\"url\":\"https:\/\/commanderie7.com\/de\/produkt\/forelle-heiss-geraeuchert\/\",\"name\":\"FORELLE HEISS GER\u00c4UCHERT - Commanderie 7\",\"isPartOf\":{\"@id\":\"https:\/\/commanderie7.com\/de\/#website\"},\"primaryImageOfPage\":{\"@id\":\"https:\/\/commanderie7.com\/de\/produkt\/forelle-heiss-geraeuchert\/#primaryimage\"},\"image\":{\"@id\":\"https:\/\/commanderie7.com\/de\/produkt\/forelle-heiss-geraeuchert\/#primaryimage\"},\"thumbnailUrl\":\"https:\/\/commanderie7.com\/wp-content\/uploads\/2025\/03\/MIZ_0492-truite-entiere-fumee.jpg\",\"datePublished\":\"2025-03-25T13:23:00+00:00\",\"dateModified\":\"2025-12-10T22:17:32+00:00\",\"breadcrumb\":{\"@id\":\"https:\/\/commanderie7.com\/de\/produkt\/forelle-heiss-geraeuchert\/#breadcrumb\"},\"inLanguage\":\"de\",\"potentialAction\":[{\"@type\":\"ReadAction\",\"target\":[\"https:\/\/commanderie7.com\/de\/produkt\/forelle-heiss-geraeuchert\/\"]}]},{\"@type\":\"ImageObject\",\"inLanguage\":\"de\",\"@id\":\"https:\/\/commanderie7.com\/de\/produkt\/forelle-heiss-geraeuchert\/#primaryimage\",\"url\":\"https:\/\/commanderie7.com\/wp-content\/uploads\/2025\/03\/MIZ_0492-truite-entiere-fumee.jpg\",\"contentUrl\":\"https:\/\/commanderie7.com\/wp-content\/uploads\/2025\/03\/MIZ_0492-truite-entiere-fumee.jpg\",\"width\":800,\"height\":800},{\"@type\":\"BreadcrumbList\",\"@id\":\"https:\/\/commanderie7.com\/de\/produkt\/forelle-heiss-geraeuchert\/#breadcrumb\",\"itemListElement\":[{\"@type\":\"ListItem\",\"position\":1,\"name\":\"Accueil\",\"item\":\"https:\/\/commanderie7.com\/de\/willkommen\/\"},{\"@type\":\"ListItem\",\"position\":2,\"name\":\"Erzeugnisse\",\"item\":\"https:\/\/commanderie7.com\/produit\/\"},{\"@type\":\"ListItem\",\"position\":3,\"name\":\"FORELLE HEISS GER\u00c4UCHERT\"}]},{\"@type\":\"WebSite\",\"@id\":\"https:\/\/commanderie7.com\/de\/#website\",\"url\":\"https:\/\/commanderie7.com\/de\/\",\"name\":\"Commanderie 7\",\"description\":\"Pisciculture - Brasserie - Truite\",\"potentialAction\":[{\"@type\":\"SearchAction\",\"target\":{\"@type\":\"EntryPoint\",\"urlTemplate\":\"https:\/\/commanderie7.com\/de\/?s={search_term_string}\"},\"query-input\":{\"@type\":\"PropertyValueSpecification\",\"valueRequired\":true,\"valueName\":\"search_term_string\"}}],\"inLanguage\":\"de\"}]}<\/script>\n<!-- \/ Yoast SEO plugin. -->","yoast_head_json":{"title":"FORELLE HEISS GER\u00c4UCHERT - Commanderie 7","robots":{"index":"index","follow":"follow","max-snippet":"max-snippet:-1","max-image-preview":"max-image-preview:large","max-video-preview":"max-video-preview:-1"},"canonical":"https:\/\/commanderie7.com\/de\/produkt\/forelle-heiss-geraeuchert\/","og_locale":"de_DE","og_type":"article","og_title":"FORELLE HEISS GER\u00c4UCHERT - Commanderie 7","og_description":"Regenbogen-Forelle als Ganzes 5 bis 6 Stunden ger\u00e4uchert (je nach AuBentemperatur, Luftfeuchtigkeit, Wind\u2026) bei einer Temperatur von 60 bis 70\u00b0c, mit einer Spitze \u00fcber 80\u00b0c, mit Eichen-und Buchensp\u00e4nen, f\u00fcr einen kr\u00e4ftigeren Geschmack, weil die Haut als Filter wirkt und nur den guten Geschmack des Rauches deurchl\u00e4Bt.Truite arc-en-ciel \u201cportion\u201d fum\u00e9e enti\u00e8rement durant 5 \u00e0 6 heures (suivant la temp\u00e9rature ext\u00e9rieure, l\u2019humidit\u00e9 de l\u2019air, le vent,\u2026) \u00e0 une temp\u00e9rature de 60 \u00e0 70 \u00b0c et un pique sup\u00e9rieur \u00e0 80\u00b0c. Fum\u00e9e avec la sciure de ch\u00eane et h\u00eatre pour la puissance de go\u00fbt sachant que la peau fait office de filtre et ne laissera passer que le bon go\u00fbt de la fumaison. DLC (Date Limite de Consommation) : 15 jours \u00e0 partir de la date de production.","og_url":"https:\/\/commanderie7.com\/de\/produkt\/forelle-heiss-geraeuchert\/","og_site_name":"Commanderie 7","article_publisher":"https:\/\/www.facebook.com\/commanderie7","article_modified_time":"2025-12-10T22:17:32+00:00","og_image":[{"width":800,"height":800,"url":"https:\/\/commanderie7.com\/wp-content\/uploads\/2025\/03\/MIZ_0492-truite-entiere-fumee.jpg","type":"image\/jpeg"}],"twitter_card":"summary_large_image","schema":{"@context":"https:\/\/schema.org","@graph":[{"@type":"WebPage","@id":"https:\/\/commanderie7.com\/de\/produkt\/forelle-heiss-geraeuchert\/","url":"https:\/\/commanderie7.com\/de\/produkt\/forelle-heiss-geraeuchert\/","name":"FORELLE HEISS GER\u00c4UCHERT - Commanderie 7","isPartOf":{"@id":"https:\/\/commanderie7.com\/de\/#website"},"primaryImageOfPage":{"@id":"https:\/\/commanderie7.com\/de\/produkt\/forelle-heiss-geraeuchert\/#primaryimage"},"image":{"@id":"https:\/\/commanderie7.com\/de\/produkt\/forelle-heiss-geraeuchert\/#primaryimage"},"thumbnailUrl":"https:\/\/commanderie7.com\/wp-content\/uploads\/2025\/03\/MIZ_0492-truite-entiere-fumee.jpg","datePublished":"2025-03-25T13:23:00+00:00","dateModified":"2025-12-10T22:17:32+00:00","breadcrumb":{"@id":"https:\/\/commanderie7.com\/de\/produkt\/forelle-heiss-geraeuchert\/#breadcrumb"},"inLanguage":"de","potentialAction":[{"@type":"ReadAction","target":["https:\/\/commanderie7.com\/de\/produkt\/forelle-heiss-geraeuchert\/"]}]},{"@type":"ImageObject","inLanguage":"de","@id":"https:\/\/commanderie7.com\/de\/produkt\/forelle-heiss-geraeuchert\/#primaryimage","url":"https:\/\/commanderie7.com\/wp-content\/uploads\/2025\/03\/MIZ_0492-truite-entiere-fumee.jpg","contentUrl":"https:\/\/commanderie7.com\/wp-content\/uploads\/2025\/03\/MIZ_0492-truite-entiere-fumee.jpg","width":800,"height":800},{"@type":"BreadcrumbList","@id":"https:\/\/commanderie7.com\/de\/produkt\/forelle-heiss-geraeuchert\/#breadcrumb","itemListElement":[{"@type":"ListItem","position":1,"name":"Accueil","item":"https:\/\/commanderie7.com\/de\/willkommen\/"},{"@type":"ListItem","position":2,"name":"Erzeugnisse","item":"https:\/\/commanderie7.com\/produit\/"},{"@type":"ListItem","position":3,"name":"FORELLE HEISS GER\u00c4UCHERT"}]},{"@type":"WebSite","@id":"https:\/\/commanderie7.com\/de\/#website","url":"https:\/\/commanderie7.com\/de\/","name":"Commanderie 7","description":"Pisciculture - Brasserie - Truite","potentialAction":[{"@type":"SearchAction","target":{"@type":"EntryPoint","urlTemplate":"https:\/\/commanderie7.com\/de\/?s={search_term_string}"},"query-input":{"@type":"PropertyValueSpecification","valueRequired":true,"valueName":"search_term_string"}}],"inLanguage":"de"}]}},"_links":{"self":[{"href":"https:\/\/commanderie7.com\/de\/wp-json\/wp\/v2\/product\/19010","targetHints":{"allow":["GET"]}}],"collection":[{"href":"https:\/\/commanderie7.com\/de\/wp-json\/wp\/v2\/product"}],"about":[{"href":"https:\/\/commanderie7.com\/de\/wp-json\/wp\/v2\/types\/product"}],"wp:featuredmedia":[{"embeddable":true,"href":"https:\/\/commanderie7.com\/de\/wp-json\/wp\/v2\/media\/18858"}],"wp:attachment":[{"href":"https:\/\/commanderie7.com\/de\/wp-json\/wp\/v2\/media?parent=19010"}],"wp:term":[{"taxonomy":"product_brand","embeddable":true,"href":"https:\/\/commanderie7.com\/de\/wp-json\/wp\/v2\/product_brand?post=19010"},{"taxonomy":"product_cat","embeddable":true,"href":"https:\/\/commanderie7.com\/de\/wp-json\/wp\/v2\/product_cat?post=19010"},{"taxonomy":"product_tag","embeddable":true,"href":"https:\/\/commanderie7.com\/de\/wp-json\/wp\/v2\/product_tag?post=19010"}],"curies":[{"name":"wp","href":"https:\/\/api.w.org\/{rel}","templated":true}]}}