{"id":19020,"date":"2025-03-25T14:52:00","date_gmt":"2025-03-25T13:52:00","guid":{"rendered":"https:\/\/new.commanderie7.com\/produit\/geschenkset-loe-2-flaschen-1-glas\/"},"modified":"2025-12-10T23:17:33","modified_gmt":"2025-12-10T22:17:33","slug":"geschenkset-loe-2-flaschen-1-glas","status":"publish","type":"product","link":"https:\/\/commanderie7.com\/de\/produkt\/geschenkset-loe-2-flaschen-1-glas\/","title":{"rendered":"Geschenkset &#8222;Lo\u00eb&#8220; (2 Flaschen, 1 Glas)"},"content":{"rendered":"","protected":false},"excerpt":{"rendered":"<p>Das Lo\u00eb ist ein handwerklich hergestelltes, nicht gefiltertes, oberg\u00e4riges blondes Bier, mit Nachg\u00fcrung in der Flasche.<\/p>\n<p>Abgestimmt mit verschiedenen Gew\u00fcrzen und drei Getreiden, wobei der Weizen es tr\u00fcb macht.<\/p>\n<p>Mit angenehmen Duff, mit wenig Alkohol und mit wenig Hopfen Verw\u00f6hnt es den delikaten Gaumen,und ist erfrischend und durststillend.<\/p>\n<p>Passt ideal zur Forelle.<\/p>\n<p><strong>Packung mit 2 Biere und 1 Glas.<\/strong><\/p>\n<h4><\/h4>\n","protected":false},"featured_media":17827,"template":"","meta":{"_et_pb_use_builder":"","_et_pb_old_content":"","_et_gb_content_width":""},"product_brand":[],"product_cat":[108],"product_tag":[],"class_list":{"0":"post-19020","1":"product","2":"type-product","3":"status-publish","4":"has-post-thumbnail","6":"product_cat-getrank","8":"first","9":"instock","10":"purchasable","11":"product-type-simple"},"yoast_head":"<!-- This site is optimized with the Yoast SEO plugin v26.9 - https:\/\/yoast.com\/product\/yoast-seo-wordpress\/ -->\n<title>Geschenkset &quot;Lo\u00eb&quot; (2 Flaschen, 1 Glas) - Commanderie 7<\/title>\n<meta name=\"robots\" content=\"index, follow, max-snippet:-1, max-image-preview:large, max-video-preview:-1\" \/>\n<link rel=\"canonical\" href=\"https:\/\/commanderie7.com\/de\/produkt\/geschenkset-loe-2-flaschen-1-glas\/\" \/>\n<meta property=\"og:locale\" content=\"de_DE\" \/>\n<meta property=\"og:type\" content=\"article\" \/>\n<meta property=\"og:title\" content=\"Geschenkset &quot;Lo\u00eb&quot; (2 Flaschen, 1 Glas) - Commanderie 7\" \/>\n<meta property=\"og:description\" content=\"Das Lo\u00eb ist ein handwerklich hergestelltes, nicht gefiltertes, oberg\u00e4riges blondes Bier, mit Nachg\u00fcrung in der Flasche. Abgestimmt mit verschiedenen Gew\u00fcrzen und drei Getreiden, wobei der Weizen es tr\u00fcb macht. Mit angenehmen Duff, mit wenig Alkohol und mit wenig Hopfen Verw\u00f6hnt es den delikaten Gaumen,und ist erfrischend und durststillend. Passt ideal zur Forelle. Packung mit 2 Biere und 1 Glas.\" \/>\n<meta property=\"og:url\" content=\"https:\/\/commanderie7.com\/de\/produkt\/geschenkset-loe-2-flaschen-1-glas\/\" \/>\n<meta property=\"og:site_name\" content=\"Commanderie 7\" \/>\n<meta property=\"article:publisher\" content=\"https:\/\/www.facebook.com\/commanderie7\" \/>\n<meta property=\"article:modified_time\" content=\"2025-12-10T22:17:33+00:00\" \/>\n<meta property=\"og:image\" content=\"https:\/\/commanderie7.com\/wp-content\/uploads\/2025\/03\/DSC_0283-368482519-e1762189531827.jpg\" \/>\n\t<meta property=\"og:image:width\" content=\"667\" \/>\n\t<meta property=\"og:image:height\" content=\"667\" \/>\n\t<meta property=\"og:image:type\" content=\"image\/jpeg\" \/>\n<meta name=\"twitter:card\" content=\"summary_large_image\" \/>\n<script type=\"application\/ld+json\" class=\"yoast-schema-graph\">{\"@context\":\"https:\/\/schema.org\",\"@graph\":[{\"@type\":\"WebPage\",\"@id\":\"https:\/\/commanderie7.com\/de\/produkt\/geschenkset-loe-2-flaschen-1-glas\/\",\"url\":\"https:\/\/commanderie7.com\/de\/produkt\/geschenkset-loe-2-flaschen-1-glas\/\",\"name\":\"Geschenkset \\\"Lo\u00eb\\\" (2 Flaschen, 1 Glas) - Commanderie 7\",\"isPartOf\":{\"@id\":\"https:\/\/commanderie7.com\/de\/#website\"},\"primaryImageOfPage\":{\"@id\":\"https:\/\/commanderie7.com\/de\/produkt\/geschenkset-loe-2-flaschen-1-glas\/#primaryimage\"},\"image\":{\"@id\":\"https:\/\/commanderie7.com\/de\/produkt\/geschenkset-loe-2-flaschen-1-glas\/#primaryimage\"},\"thumbnailUrl\":\"https:\/\/commanderie7.com\/wp-content\/uploads\/2025\/03\/DSC_0283-368482519-e1762189531827.jpg\",\"datePublished\":\"2025-03-25T13:52:00+00:00\",\"dateModified\":\"2025-12-10T22:17:33+00:00\",\"breadcrumb\":{\"@id\":\"https:\/\/commanderie7.com\/de\/produkt\/geschenkset-loe-2-flaschen-1-glas\/#breadcrumb\"},\"inLanguage\":\"de\",\"potentialAction\":[{\"@type\":\"ReadAction\",\"target\":[\"https:\/\/commanderie7.com\/de\/produkt\/geschenkset-loe-2-flaschen-1-glas\/\"]}]},{\"@type\":\"ImageObject\",\"inLanguage\":\"de\",\"@id\":\"https:\/\/commanderie7.com\/de\/produkt\/geschenkset-loe-2-flaschen-1-glas\/#primaryimage\",\"url\":\"https:\/\/commanderie7.com\/wp-content\/uploads\/2025\/03\/DSC_0283-368482519-e1762189531827.jpg\",\"contentUrl\":\"https:\/\/commanderie7.com\/wp-content\/uploads\/2025\/03\/DSC_0283-368482519-e1762189531827.jpg\",\"width\":667,\"height\":667},{\"@type\":\"BreadcrumbList\",\"@id\":\"https:\/\/commanderie7.com\/de\/produkt\/geschenkset-loe-2-flaschen-1-glas\/#breadcrumb\",\"itemListElement\":[{\"@type\":\"ListItem\",\"position\":1,\"name\":\"Accueil\",\"item\":\"https:\/\/commanderie7.com\/de\/willkommen\/\"},{\"@type\":\"ListItem\",\"position\":2,\"name\":\"Erzeugnisse\",\"item\":\"https:\/\/commanderie7.com\/produit\/\"},{\"@type\":\"ListItem\",\"position\":3,\"name\":\"Geschenkset &#8222;Lo\u00eb&#8220; (2 Flaschen, 1 Glas)\"}]},{\"@type\":\"WebSite\",\"@id\":\"https:\/\/commanderie7.com\/de\/#website\",\"url\":\"https:\/\/commanderie7.com\/de\/\",\"name\":\"Commanderie 7\",\"description\":\"Pisciculture - Brasserie - Truite\",\"potentialAction\":[{\"@type\":\"SearchAction\",\"target\":{\"@type\":\"EntryPoint\",\"urlTemplate\":\"https:\/\/commanderie7.com\/de\/?s={search_term_string}\"},\"query-input\":{\"@type\":\"PropertyValueSpecification\",\"valueRequired\":true,\"valueName\":\"search_term_string\"}}],\"inLanguage\":\"de\"}]}<\/script>\n<!-- \/ Yoast SEO plugin. -->","yoast_head_json":{"title":"Geschenkset \"Lo\u00eb\" (2 Flaschen, 1 Glas) - Commanderie 7","robots":{"index":"index","follow":"follow","max-snippet":"max-snippet:-1","max-image-preview":"max-image-preview:large","max-video-preview":"max-video-preview:-1"},"canonical":"https:\/\/commanderie7.com\/de\/produkt\/geschenkset-loe-2-flaschen-1-glas\/","og_locale":"de_DE","og_type":"article","og_title":"Geschenkset \"Lo\u00eb\" (2 Flaschen, 1 Glas) - Commanderie 7","og_description":"Das Lo\u00eb ist ein handwerklich hergestelltes, nicht gefiltertes, oberg\u00e4riges blondes Bier, mit Nachg\u00fcrung in der Flasche. Abgestimmt mit verschiedenen Gew\u00fcrzen und drei Getreiden, wobei der Weizen es tr\u00fcb macht. Mit angenehmen Duff, mit wenig Alkohol und mit wenig Hopfen Verw\u00f6hnt es den delikaten Gaumen,und ist erfrischend und durststillend. Passt ideal zur Forelle. Packung mit 2 Biere und 1 Glas.","og_url":"https:\/\/commanderie7.com\/de\/produkt\/geschenkset-loe-2-flaschen-1-glas\/","og_site_name":"Commanderie 7","article_publisher":"https:\/\/www.facebook.com\/commanderie7","article_modified_time":"2025-12-10T22:17:33+00:00","og_image":[{"width":667,"height":667,"url":"https:\/\/commanderie7.com\/wp-content\/uploads\/2025\/03\/DSC_0283-368482519-e1762189531827.jpg","type":"image\/jpeg"}],"twitter_card":"summary_large_image","schema":{"@context":"https:\/\/schema.org","@graph":[{"@type":"WebPage","@id":"https:\/\/commanderie7.com\/de\/produkt\/geschenkset-loe-2-flaschen-1-glas\/","url":"https:\/\/commanderie7.com\/de\/produkt\/geschenkset-loe-2-flaschen-1-glas\/","name":"Geschenkset \"Lo\u00eb\" (2 Flaschen, 1 Glas) - Commanderie 7","isPartOf":{"@id":"https:\/\/commanderie7.com\/de\/#website"},"primaryImageOfPage":{"@id":"https:\/\/commanderie7.com\/de\/produkt\/geschenkset-loe-2-flaschen-1-glas\/#primaryimage"},"image":{"@id":"https:\/\/commanderie7.com\/de\/produkt\/geschenkset-loe-2-flaschen-1-glas\/#primaryimage"},"thumbnailUrl":"https:\/\/commanderie7.com\/wp-content\/uploads\/2025\/03\/DSC_0283-368482519-e1762189531827.jpg","datePublished":"2025-03-25T13:52:00+00:00","dateModified":"2025-12-10T22:17:33+00:00","breadcrumb":{"@id":"https:\/\/commanderie7.com\/de\/produkt\/geschenkset-loe-2-flaschen-1-glas\/#breadcrumb"},"inLanguage":"de","potentialAction":[{"@type":"ReadAction","target":["https:\/\/commanderie7.com\/de\/produkt\/geschenkset-loe-2-flaschen-1-glas\/"]}]},{"@type":"ImageObject","inLanguage":"de","@id":"https:\/\/commanderie7.com\/de\/produkt\/geschenkset-loe-2-flaschen-1-glas\/#primaryimage","url":"https:\/\/commanderie7.com\/wp-content\/uploads\/2025\/03\/DSC_0283-368482519-e1762189531827.jpg","contentUrl":"https:\/\/commanderie7.com\/wp-content\/uploads\/2025\/03\/DSC_0283-368482519-e1762189531827.jpg","width":667,"height":667},{"@type":"BreadcrumbList","@id":"https:\/\/commanderie7.com\/de\/produkt\/geschenkset-loe-2-flaschen-1-glas\/#breadcrumb","itemListElement":[{"@type":"ListItem","position":1,"name":"Accueil","item":"https:\/\/commanderie7.com\/de\/willkommen\/"},{"@type":"ListItem","position":2,"name":"Erzeugnisse","item":"https:\/\/commanderie7.com\/produit\/"},{"@type":"ListItem","position":3,"name":"Geschenkset &#8222;Lo\u00eb&#8220; (2 Flaschen, 1 Glas)"}]},{"@type":"WebSite","@id":"https:\/\/commanderie7.com\/de\/#website","url":"https:\/\/commanderie7.com\/de\/","name":"Commanderie 7","description":"Pisciculture - Brasserie - Truite","potentialAction":[{"@type":"SearchAction","target":{"@type":"EntryPoint","urlTemplate":"https:\/\/commanderie7.com\/de\/?s={search_term_string}"},"query-input":{"@type":"PropertyValueSpecification","valueRequired":true,"valueName":"search_term_string"}}],"inLanguage":"de"}]}},"_links":{"self":[{"href":"https:\/\/commanderie7.com\/de\/wp-json\/wp\/v2\/product\/19020","targetHints":{"allow":["GET"]}}],"collection":[{"href":"https:\/\/commanderie7.com\/de\/wp-json\/wp\/v2\/product"}],"about":[{"href":"https:\/\/commanderie7.com\/de\/wp-json\/wp\/v2\/types\/product"}],"wp:featuredmedia":[{"embeddable":true,"href":"https:\/\/commanderie7.com\/de\/wp-json\/wp\/v2\/media\/17827"}],"wp:attachment":[{"href":"https:\/\/commanderie7.com\/de\/wp-json\/wp\/v2\/media?parent=19020"}],"wp:term":[{"taxonomy":"product_brand","embeddable":true,"href":"https:\/\/commanderie7.com\/de\/wp-json\/wp\/v2\/product_brand?post=19020"},{"taxonomy":"product_cat","embeddable":true,"href":"https:\/\/commanderie7.com\/de\/wp-json\/wp\/v2\/product_cat?post=19020"},{"taxonomy":"product_tag","embeddable":true,"href":"https:\/\/commanderie7.com\/de\/wp-json\/wp\/v2\/product_tag?post=19020"}],"curies":[{"name":"wp","href":"https:\/\/api.w.org\/{rel}","templated":true}]}}