{"id":19026,"date":"2025-03-25T14:56:00","date_gmt":"2025-03-25T13:56:00","guid":{"rendered":"https:\/\/new.commanderie7.com\/produit\/6-pack-loe\/"},"modified":"2025-12-10T23:17:36","modified_gmt":"2025-12-10T22:17:36","slug":"6-pack-loe","status":"publish","type":"product","link":"https:\/\/commanderie7.com\/de\/produkt\/6-pack-loe\/","title":{"rendered":"6 PACK \u00abLO\u00cb \u00bb"},"content":{"rendered":"","protected":false},"excerpt":{"rendered":"<p><strong>Packung mit 6 Biere \u00abLo\u00eb\u00bb<\/strong><\/p>\n<p>Das Lo\u00eb nicht oberg\u00e4riges Bier mit einer nat\u00fcrlichen G\u00e4rung in der Flasche filtriert.<\/p>\n<p>Produziert mit verschiedenen Gew\u00fcrzen und drei Getreide, die der Weizen, der das Bier tr\u00fcbe macht.<\/p>\n<p>Aromatisierte, mit niedrigem Alkoholgehalt und niedrigem Hop, Bier umschmeichelt den Gaumen und ist sehr erfrischend und durstl\u00f6schend .<\/p>\n<p>Beer \u201cLo\u00eb\u201d passt perfekt zu unserer Forellen.<\/p>\n","protected":false},"featured_media":17830,"template":"","meta":{"_et_pb_use_builder":"","_et_pb_old_content":"","_et_gb_content_width":""},"product_brand":[],"product_cat":[108],"product_tag":[],"class_list":{"0":"post-19026","1":"product","2":"type-product","3":"status-publish","4":"has-post-thumbnail","6":"product_cat-getrank","8":"first","9":"instock","10":"purchasable","11":"product-type-simple"},"yoast_head":"<!-- This site is optimized with the Yoast SEO plugin v26.9 - https:\/\/yoast.com\/product\/yoast-seo-wordpress\/ -->\n<title>6 PACK \u00abLO\u00cb \u00bb - Commanderie 7<\/title>\n<meta name=\"robots\" content=\"index, follow, max-snippet:-1, max-image-preview:large, max-video-preview:-1\" \/>\n<link rel=\"canonical\" href=\"https:\/\/commanderie7.com\/de\/produkt\/6-pack-loe\/\" \/>\n<meta property=\"og:locale\" content=\"de_DE\" \/>\n<meta property=\"og:type\" content=\"article\" \/>\n<meta property=\"og:title\" content=\"6 PACK \u00abLO\u00cb \u00bb - Commanderie 7\" \/>\n<meta property=\"og:description\" content=\"Packung mit 6 Biere \u00abLo\u00eb\u00bb Das Lo\u00eb nicht oberg\u00e4riges Bier mit einer nat\u00fcrlichen G\u00e4rung in der Flasche filtriert. Produziert mit verschiedenen Gew\u00fcrzen und drei Getreide, die der Weizen, der das Bier tr\u00fcbe macht. Aromatisierte, mit niedrigem Alkoholgehalt und niedrigem Hop, Bier umschmeichelt den Gaumen und ist sehr erfrischend und durstl\u00f6schend . Beer \u201cLo\u00eb\u201d passt perfekt zu unserer Forellen.\" \/>\n<meta property=\"og:url\" content=\"https:\/\/commanderie7.com\/de\/produkt\/6-pack-loe\/\" \/>\n<meta property=\"og:site_name\" content=\"Commanderie 7\" \/>\n<meta property=\"article:publisher\" content=\"https:\/\/www.facebook.com\/commanderie7\" \/>\n<meta property=\"article:modified_time\" content=\"2025-12-10T22:17:36+00:00\" \/>\n<meta property=\"og:image\" content=\"https:\/\/commanderie7.com\/wp-content\/uploads\/2025\/03\/DSC_0280-2608439092-e1762191930308.jpg\" \/>\n\t<meta property=\"og:image:width\" content=\"667\" \/>\n\t<meta property=\"og:image:height\" content=\"667\" \/>\n\t<meta property=\"og:image:type\" content=\"image\/jpeg\" \/>\n<meta name=\"twitter:card\" content=\"summary_large_image\" \/>\n<script type=\"application\/ld+json\" class=\"yoast-schema-graph\">{\"@context\":\"https:\/\/schema.org\",\"@graph\":[{\"@type\":\"WebPage\",\"@id\":\"https:\/\/commanderie7.com\/de\/produkt\/6-pack-loe\/\",\"url\":\"https:\/\/commanderie7.com\/de\/produkt\/6-pack-loe\/\",\"name\":\"6 PACK \u00abLO\u00cb \u00bb - Commanderie 7\",\"isPartOf\":{\"@id\":\"https:\/\/commanderie7.com\/de\/#website\"},\"primaryImageOfPage\":{\"@id\":\"https:\/\/commanderie7.com\/de\/produkt\/6-pack-loe\/#primaryimage\"},\"image\":{\"@id\":\"https:\/\/commanderie7.com\/de\/produkt\/6-pack-loe\/#primaryimage\"},\"thumbnailUrl\":\"https:\/\/commanderie7.com\/wp-content\/uploads\/2025\/03\/DSC_0280-2608439092-e1762191930308.jpg\",\"datePublished\":\"2025-03-25T13:56:00+00:00\",\"dateModified\":\"2025-12-10T22:17:36+00:00\",\"breadcrumb\":{\"@id\":\"https:\/\/commanderie7.com\/de\/produkt\/6-pack-loe\/#breadcrumb\"},\"inLanguage\":\"de\",\"potentialAction\":[{\"@type\":\"ReadAction\",\"target\":[\"https:\/\/commanderie7.com\/de\/produkt\/6-pack-loe\/\"]}]},{\"@type\":\"ImageObject\",\"inLanguage\":\"de\",\"@id\":\"https:\/\/commanderie7.com\/de\/produkt\/6-pack-loe\/#primaryimage\",\"url\":\"https:\/\/commanderie7.com\/wp-content\/uploads\/2025\/03\/DSC_0280-2608439092-e1762191930308.jpg\",\"contentUrl\":\"https:\/\/commanderie7.com\/wp-content\/uploads\/2025\/03\/DSC_0280-2608439092-e1762191930308.jpg\",\"width\":667,\"height\":667},{\"@type\":\"BreadcrumbList\",\"@id\":\"https:\/\/commanderie7.com\/de\/produkt\/6-pack-loe\/#breadcrumb\",\"itemListElement\":[{\"@type\":\"ListItem\",\"position\":1,\"name\":\"Accueil\",\"item\":\"https:\/\/commanderie7.com\/de\/willkommen\/\"},{\"@type\":\"ListItem\",\"position\":2,\"name\":\"Erzeugnisse\",\"item\":\"https:\/\/commanderie7.com\/produit\/\"},{\"@type\":\"ListItem\",\"position\":3,\"name\":\"6 PACK \u00abLO\u00cb \u00bb\"}]},{\"@type\":\"WebSite\",\"@id\":\"https:\/\/commanderie7.com\/de\/#website\",\"url\":\"https:\/\/commanderie7.com\/de\/\",\"name\":\"Commanderie 7\",\"description\":\"Pisciculture - Brasserie - Truite\",\"potentialAction\":[{\"@type\":\"SearchAction\",\"target\":{\"@type\":\"EntryPoint\",\"urlTemplate\":\"https:\/\/commanderie7.com\/de\/?s={search_term_string}\"},\"query-input\":{\"@type\":\"PropertyValueSpecification\",\"valueRequired\":true,\"valueName\":\"search_term_string\"}}],\"inLanguage\":\"de\"}]}<\/script>\n<!-- \/ Yoast SEO plugin. -->","yoast_head_json":{"title":"6 PACK \u00abLO\u00cb \u00bb - Commanderie 7","robots":{"index":"index","follow":"follow","max-snippet":"max-snippet:-1","max-image-preview":"max-image-preview:large","max-video-preview":"max-video-preview:-1"},"canonical":"https:\/\/commanderie7.com\/de\/produkt\/6-pack-loe\/","og_locale":"de_DE","og_type":"article","og_title":"6 PACK \u00abLO\u00cb \u00bb - Commanderie 7","og_description":"Packung mit 6 Biere \u00abLo\u00eb\u00bb Das Lo\u00eb nicht oberg\u00e4riges Bier mit einer nat\u00fcrlichen G\u00e4rung in der Flasche filtriert. Produziert mit verschiedenen Gew\u00fcrzen und drei Getreide, die der Weizen, der das Bier tr\u00fcbe macht. Aromatisierte, mit niedrigem Alkoholgehalt und niedrigem Hop, Bier umschmeichelt den Gaumen und ist sehr erfrischend und durstl\u00f6schend . Beer \u201cLo\u00eb\u201d passt perfekt zu unserer Forellen.","og_url":"https:\/\/commanderie7.com\/de\/produkt\/6-pack-loe\/","og_site_name":"Commanderie 7","article_publisher":"https:\/\/www.facebook.com\/commanderie7","article_modified_time":"2025-12-10T22:17:36+00:00","og_image":[{"width":667,"height":667,"url":"https:\/\/commanderie7.com\/wp-content\/uploads\/2025\/03\/DSC_0280-2608439092-e1762191930308.jpg","type":"image\/jpeg"}],"twitter_card":"summary_large_image","schema":{"@context":"https:\/\/schema.org","@graph":[{"@type":"WebPage","@id":"https:\/\/commanderie7.com\/de\/produkt\/6-pack-loe\/","url":"https:\/\/commanderie7.com\/de\/produkt\/6-pack-loe\/","name":"6 PACK \u00abLO\u00cb \u00bb - Commanderie 7","isPartOf":{"@id":"https:\/\/commanderie7.com\/de\/#website"},"primaryImageOfPage":{"@id":"https:\/\/commanderie7.com\/de\/produkt\/6-pack-loe\/#primaryimage"},"image":{"@id":"https:\/\/commanderie7.com\/de\/produkt\/6-pack-loe\/#primaryimage"},"thumbnailUrl":"https:\/\/commanderie7.com\/wp-content\/uploads\/2025\/03\/DSC_0280-2608439092-e1762191930308.jpg","datePublished":"2025-03-25T13:56:00+00:00","dateModified":"2025-12-10T22:17:36+00:00","breadcrumb":{"@id":"https:\/\/commanderie7.com\/de\/produkt\/6-pack-loe\/#breadcrumb"},"inLanguage":"de","potentialAction":[{"@type":"ReadAction","target":["https:\/\/commanderie7.com\/de\/produkt\/6-pack-loe\/"]}]},{"@type":"ImageObject","inLanguage":"de","@id":"https:\/\/commanderie7.com\/de\/produkt\/6-pack-loe\/#primaryimage","url":"https:\/\/commanderie7.com\/wp-content\/uploads\/2025\/03\/DSC_0280-2608439092-e1762191930308.jpg","contentUrl":"https:\/\/commanderie7.com\/wp-content\/uploads\/2025\/03\/DSC_0280-2608439092-e1762191930308.jpg","width":667,"height":667},{"@type":"BreadcrumbList","@id":"https:\/\/commanderie7.com\/de\/produkt\/6-pack-loe\/#breadcrumb","itemListElement":[{"@type":"ListItem","position":1,"name":"Accueil","item":"https:\/\/commanderie7.com\/de\/willkommen\/"},{"@type":"ListItem","position":2,"name":"Erzeugnisse","item":"https:\/\/commanderie7.com\/produit\/"},{"@type":"ListItem","position":3,"name":"6 PACK \u00abLO\u00cb \u00bb"}]},{"@type":"WebSite","@id":"https:\/\/commanderie7.com\/de\/#website","url":"https:\/\/commanderie7.com\/de\/","name":"Commanderie 7","description":"Pisciculture - Brasserie - Truite","potentialAction":[{"@type":"SearchAction","target":{"@type":"EntryPoint","urlTemplate":"https:\/\/commanderie7.com\/de\/?s={search_term_string}"},"query-input":{"@type":"PropertyValueSpecification","valueRequired":true,"valueName":"search_term_string"}}],"inLanguage":"de"}]}},"_links":{"self":[{"href":"https:\/\/commanderie7.com\/de\/wp-json\/wp\/v2\/product\/19026","targetHints":{"allow":["GET"]}}],"collection":[{"href":"https:\/\/commanderie7.com\/de\/wp-json\/wp\/v2\/product"}],"about":[{"href":"https:\/\/commanderie7.com\/de\/wp-json\/wp\/v2\/types\/product"}],"wp:featuredmedia":[{"embeddable":true,"href":"https:\/\/commanderie7.com\/de\/wp-json\/wp\/v2\/media\/17830"}],"wp:attachment":[{"href":"https:\/\/commanderie7.com\/de\/wp-json\/wp\/v2\/media?parent=19026"}],"wp:term":[{"taxonomy":"product_brand","embeddable":true,"href":"https:\/\/commanderie7.com\/de\/wp-json\/wp\/v2\/product_brand?post=19026"},{"taxonomy":"product_cat","embeddable":true,"href":"https:\/\/commanderie7.com\/de\/wp-json\/wp\/v2\/product_cat?post=19026"},{"taxonomy":"product_tag","embeddable":true,"href":"https:\/\/commanderie7.com\/de\/wp-json\/wp\/v2\/product_tag?post=19026"}],"curies":[{"name":"wp","href":"https:\/\/api.w.org\/{rel}","templated":true}]}}